{"id":1386,"date":"2024-03-18T14:01:51","date_gmt":"2024-03-18T14:01:51","guid":{"rendered":"https:\/\/www.fechten-in-friedrichshafen.de\/home\/?page_id=1386"},"modified":"2026-03-15T13:17:50","modified_gmt":"2026-03-15T13:17:50","slug":"1386-2","status":"publish","type":"page","link":"https:\/\/www.fechten-in-friedrichshafen.de\/home\/1386-2\/","title":{"rendered":"Unser Trainerteam"},"content":{"rendered":"\n<div class=\"wp-block-group alignfull has-global-padding is-layout-constrained wp-container-core-group-is-layout-669513ed wp-block-group-is-layout-constrained\" style=\"margin-top:0;margin-bottom:0;padding-top:var(--wp--preset--spacing--50);padding-right:var(--wp--preset--spacing--50);padding-bottom:var(--wp--preset--spacing--50);padding-left:var(--wp--preset--spacing--50)\">\n<p class=\"has-text-align-center\">Wir legen einen hohen Wert auf eine qualitative hochwertige Fecht-Ausbildung. So haben wir in Friedrichshafen ein kompetentes Trainer-Team.&nbsp; Unsere Trainer sind lizenziert und verf\u00fcgen \u00fcber eine hohe fechterische Expertise.<\/p>\n\n\n\n<div style=\"height:var(--wp--preset--spacing--30)\" aria-hidden=\"true\" class=\"wp-block-spacer\"><\/div>\n\n\n\n<div class=\"wp-block-columns alignwide is-layout-flex wp-container-core-columns-is-layout-4935966c wp-block-columns-is-layout-flex\" style=\"padding-right:0;padding-left:0\">\n<div class=\"wp-block-column is-layout-flow wp-block-column-is-layout-flow\">\n<figure class=\"wp-block-image size-full is-style-rounded is-style-rounded--1\"><img loading=\"lazy\" decoding=\"async\" width=\"1080\" height=\"1080\" src=\"https:\/\/www.fechten-in-friedrichshafen.de\/home\/wp-content\/uploads\/2024\/11\/5.png\" alt=\"\" class=\"wp-image-1456\" style=\"aspect-ratio:1;object-fit:cover\" srcset=\"https:\/\/www.fechten-in-friedrichshafen.de\/home\/wp-content\/uploads\/2024\/11\/5.png 1080w, https:\/\/www.fechten-in-friedrichshafen.de\/home\/wp-content\/uploads\/2024\/11\/5-300x300.png 300w, https:\/\/www.fechten-in-friedrichshafen.de\/home\/wp-content\/uploads\/2024\/11\/5-1024x1024.png 1024w, https:\/\/www.fechten-in-friedrichshafen.de\/home\/wp-content\/uploads\/2024\/11\/5-150x150.png 150w, https:\/\/www.fechten-in-friedrichshafen.de\/home\/wp-content\/uploads\/2024\/11\/5-768x768.png 768w\" sizes=\"auto, (max-width: 1080px) 100vw, 1080px\" \/><\/figure>\n\n\n\n<div class=\"wp-block-group is-vertical is-content-justification-center is-nowrap is-layout-flex wp-container-core-group-is-layout-21d4e958 wp-block-group-is-layout-flex\">\n<p><strong>Gerhard Birkenmaier<\/strong><\/p>\n\n\n\n<p>(A-Trainer DOSB)<\/p>\n\n\n\n<p class=\"has-text-align-center\"><strong>\tGr\u00f6\u00dfte Erfolge als Fechter: <\/strong><\/p>\n\n\n\n<p class=\"has-text-align-center\">Silbermedallie Veteranen Weltmeisterschaften 2023 Daytona Beach.<\/p>\n\n\n\n<p><\/p>\n\n\n\n<p class=\"has-text-align-center\">3. Platz mit der Mannschaft bei den Veteranen Europameisterschaften 2024<\/p>\n\n\n\n<p><\/p>\n\n\n\n<p class=\"has-text-align-center\"><strong>Motto: <\/strong><\/p>\n\n\n\n<p class=\"has-text-align-center\">Erfolg braucht einen langen Atem <\/p>\n<\/div>\n<\/div>\n\n\n\n<div class=\"wp-block-column is-layout-flow wp-block-column-is-layout-flow\">\n<figure class=\"wp-block-image size-full is-style-rounded is-style-rounded--2\"><img loading=\"lazy\" decoding=\"async\" width=\"1080\" height=\"1080\" src=\"https:\/\/www.fechten-in-friedrichshafen.de\/home\/wp-content\/uploads\/2024\/11\/2.png\" alt=\"\" class=\"wp-image-1453\" style=\"aspect-ratio:1;object-fit:cover\" srcset=\"https:\/\/www.fechten-in-friedrichshafen.de\/home\/wp-content\/uploads\/2024\/11\/2.png 1080w, https:\/\/www.fechten-in-friedrichshafen.de\/home\/wp-content\/uploads\/2024\/11\/2-300x300.png 300w, https:\/\/www.fechten-in-friedrichshafen.de\/home\/wp-content\/uploads\/2024\/11\/2-1024x1024.png 1024w, https:\/\/www.fechten-in-friedrichshafen.de\/home\/wp-content\/uploads\/2024\/11\/2-150x150.png 150w, https:\/\/www.fechten-in-friedrichshafen.de\/home\/wp-content\/uploads\/2024\/11\/2-768x768.png 768w\" sizes=\"auto, (max-width: 1080px) 100vw, 1080px\" \/><\/figure>\n\n\n\n<div class=\"wp-block-group is-vertical is-content-justification-center is-nowrap is-layout-flex wp-container-core-group-is-layout-63bfd6c1 wp-block-group-is-layout-flex\">\n<p class=\"has-text-align-center has-small-font-size\"><strong>Cheftrainer<\/strong><\/p>\n\n\n\n<p class=\"has-text-align-center has-small-font-size has-medium-font-size\"><strong>Marco Birkenmaier<\/strong><\/p>\n\n\n\n<p>(A-Trainer DOSB)<\/p>\n\n\n\n<p><strong>Fechtet seit: <\/strong><\/p>\n\n\n\n<p>2008<\/p>\n\n\n\n<p class=\"has-text-align-center\"><\/p>\n\n\n\n<p><strong>Gr\u00f6\u00dfte Erfolge als Fechter:<\/strong><\/p>\n\n\n\n<p class=\"has-text-align-center\">2. Platz Europacup Turnier Krakow (U17)<\/p>\n\n\n\n<p class=\"has-text-align-center\">12. Platz Europameisterschaft Einzel Novi Sad<\/p>\n\n\n\n<p class=\"has-text-align-center\">13. Platz U20 Weltcup Basel 2019<\/p>\n\n\n\n<p class=\"has-text-align-center\">Mehrere Medaillen Deutsche-Meisterschaften (Team\/Einzel)<\/p>\n\n\n\n<p><strong>Motivation als Trainer: <\/strong><\/p>\n\n\n\n<p class=\"has-text-align-center\">Fechtern mit meinem Wissen und meiner Erfahrung  bei Ihrer sportlichen und pers\u00f6nlichen Entwicklung zu unterst\u00fctzen.<\/p>\n\n\n\n<p><strong>Motto<\/strong>: <\/p>\n\n\n\n<p class=\"has-text-align-center\">Nur wer bereit ist, an seine Grenzen zu gehen kann besser werden <\/p>\n\n\n\n<p><\/p>\n<\/div>\n<\/div>\n\n\n\n<div class=\"wp-block-column is-layout-flow wp-block-column-is-layout-flow\">\n<figure class=\"wp-block-image size-full is-style-rounded is-style-rounded--3\"><img loading=\"lazy\" decoding=\"async\" width=\"1080\" height=\"1080\" src=\"https:\/\/www.fechten-in-friedrichshafen.de\/home\/wp-content\/uploads\/2024\/11\/3.png\" alt=\"\" class=\"wp-image-1454\" style=\"aspect-ratio:1;object-fit:cover\" srcset=\"https:\/\/www.fechten-in-friedrichshafen.de\/home\/wp-content\/uploads\/2024\/11\/3.png 1080w, https:\/\/www.fechten-in-friedrichshafen.de\/home\/wp-content\/uploads\/2024\/11\/3-300x300.png 300w, https:\/\/www.fechten-in-friedrichshafen.de\/home\/wp-content\/uploads\/2024\/11\/3-1024x1024.png 1024w, https:\/\/www.fechten-in-friedrichshafen.de\/home\/wp-content\/uploads\/2024\/11\/3-150x150.png 150w, https:\/\/www.fechten-in-friedrichshafen.de\/home\/wp-content\/uploads\/2024\/11\/3-768x768.png 768w\" sizes=\"auto, (max-width: 1080px) 100vw, 1080px\" \/><\/figure>\n\n\n\n<div class=\"wp-block-group is-vertical is-content-justification-center is-nowrap is-layout-flex wp-container-core-group-is-layout-63bfd6c1 wp-block-group-is-layout-flex\">\n<p class=\"has-text-align-center has-small-font-size has-medium-font-size\"><strong>Daniel Renner<\/strong><\/p>\n\n\n\n<p>(C-Trainer DOSB)<\/p>\n\n\n\n<p><strong>Fechtet seit: <\/strong><\/p>\n\n\n\n<p>2007<\/p>\n\n\n\n<p><\/p>\n\n\n\n<p><strong>Gr\u00f6\u00dfte Erfolge als Fechter:<\/strong><\/p>\n\n\n\n<p class=\"has-text-align-center\">Bronzemedaille \u00dc50 Veteran\u2018s Nordic Championship Malm<\/p>\n\n\n\n<p class=\"has-text-align-center\"><strong>Motto: <\/strong><\/p>\n\n\n\n<p class=\"has-text-align-center\">Der Breitensport ist das R\u00fcckgrat eines Vereins<\/p>\n<\/div>\n<\/div>\n<\/div>\n\n\n\n<p><\/p>\n<\/div>\n\n\n\n<div class=\"wp-block-group alignfull has-global-padding is-layout-constrained wp-container-core-group-is-layout-669513ed wp-block-group-is-layout-constrained\" style=\"margin-top:0;margin-bottom:0;padding-top:var(--wp--preset--spacing--50);padding-right:var(--wp--preset--spacing--50);padding-bottom:var(--wp--preset--spacing--50);padding-left:var(--wp--preset--spacing--50)\">\n<div class=\"wp-block-columns alignwide is-layout-flex wp-container-core-columns-is-layout-4935966c wp-block-columns-is-layout-flex\" style=\"padding-right:0;padding-left:0\">\n<div class=\"wp-block-column is-layout-flow wp-block-column-is-layout-flow\">\n<p><\/p>\n\n\n\n<figure class=\"wp-block-image size-full is-resized is-style-rounded is-style-rounded--4\"><img loading=\"lazy\" decoding=\"async\" width=\"1253\" height=\"1253\" src=\"https:\/\/www.fechten-in-friedrichshafen.de\/home\/wp-content\/uploads\/2024\/03\/VfB-Pictogramm-Fechten.png\" alt=\"\" class=\"wp-image-1323\" style=\"object-fit:cover;width:570px;height:auto\" srcset=\"https:\/\/www.fechten-in-friedrichshafen.de\/home\/wp-content\/uploads\/2024\/03\/VfB-Pictogramm-Fechten.png 1253w, https:\/\/www.fechten-in-friedrichshafen.de\/home\/wp-content\/uploads\/2024\/03\/VfB-Pictogramm-Fechten-300x300.png 300w, https:\/\/www.fechten-in-friedrichshafen.de\/home\/wp-content\/uploads\/2024\/03\/VfB-Pictogramm-Fechten-1024x1024.png 1024w, https:\/\/www.fechten-in-friedrichshafen.de\/home\/wp-content\/uploads\/2024\/03\/VfB-Pictogramm-Fechten-150x150.png 150w, https:\/\/www.fechten-in-friedrichshafen.de\/home\/wp-content\/uploads\/2024\/03\/VfB-Pictogramm-Fechten-768x768.png 768w\" sizes=\"auto, (max-width: 1253px) 100vw, 1253px\" \/><\/figure>\n\n\n\n<div class=\"wp-block-group is-vertical is-content-justification-center is-nowrap is-layout-flex wp-container-core-group-is-layout-21d4e958 wp-block-group-is-layout-flex\">\n<p class=\"has-text-align-center has-small-font-size\">Trainer<\/p>\n\n\n\n<p class=\"has-text-align-center\"><strong>Michael Pieraccini&nbsp;(\u00dcbungsleiter)<\/strong><\/p>\n\n\n\n<p>Historisches Fechten<\/p>\n<\/div>\n<\/div>\n\n\n\n<div class=\"wp-block-column is-layout-flow wp-block-column-is-layout-flow\">\n<figure class=\"wp-block-image size-full is-style-rounded is-style-rounded--5\"><img loading=\"lazy\" decoding=\"async\" width=\"1080\" height=\"1080\" src=\"https:\/\/www.fechten-in-friedrichshafen.de\/home\/wp-content\/uploads\/2024\/11\/1.png\" alt=\"\" class=\"wp-image-1452\" style=\"aspect-ratio:1;object-fit:cover\" srcset=\"https:\/\/www.fechten-in-friedrichshafen.de\/home\/wp-content\/uploads\/2024\/11\/1.png 1080w, https:\/\/www.fechten-in-friedrichshafen.de\/home\/wp-content\/uploads\/2024\/11\/1-300x300.png 300w, https:\/\/www.fechten-in-friedrichshafen.de\/home\/wp-content\/uploads\/2024\/11\/1-1024x1024.png 1024w, https:\/\/www.fechten-in-friedrichshafen.de\/home\/wp-content\/uploads\/2024\/11\/1-150x150.png 150w, https:\/\/www.fechten-in-friedrichshafen.de\/home\/wp-content\/uploads\/2024\/11\/1-768x768.png 768w\" sizes=\"auto, (max-width: 1080px) 100vw, 1080px\" \/><\/figure>\n\n\n\n<div class=\"wp-block-group is-vertical is-content-justification-center is-nowrap is-layout-flex wp-container-core-group-is-layout-63bfd6c1 wp-block-group-is-layout-flex\">\n<p class=\"has-text-align-center has-small-font-size has-medium-font-size\"><strong>Wolfram J\u00e4nisch<\/strong><\/p>\n\n\n\n<p>(C-Trainer)<\/p>\n<\/div>\n<\/div>\n<\/div>\n\n\n\n<figure class=\"wp-block-image size-large\"><a href=\"https:\/\/www.fechten-in-friedrichshafen.de\/home\/wp-content\/uploads\/2024\/03\/VfB-Pictogramm-Fechten.png\"><img loading=\"lazy\" decoding=\"async\" width=\"1024\" height=\"1024\" src=\"https:\/\/www.fechten-in-friedrichshafen.de\/home\/wp-content\/uploads\/2024\/03\/VfB-Pictogramm-Fechten-1024x1024.png\" alt=\"\" class=\"wp-image-1323\" srcset=\"https:\/\/www.fechten-in-friedrichshafen.de\/home\/wp-content\/uploads\/2024\/03\/VfB-Pictogramm-Fechten-1024x1024.png 1024w, https:\/\/www.fechten-in-friedrichshafen.de\/home\/wp-content\/uploads\/2024\/03\/VfB-Pictogramm-Fechten-300x300.png 300w, https:\/\/www.fechten-in-friedrichshafen.de\/home\/wp-content\/uploads\/2024\/03\/VfB-Pictogramm-Fechten-150x150.png 150w, https:\/\/www.fechten-in-friedrichshafen.de\/home\/wp-content\/uploads\/2024\/03\/VfB-Pictogramm-Fechten-768x768.png 768w, https:\/\/www.fechten-in-friedrichshafen.de\/home\/wp-content\/uploads\/2024\/03\/VfB-Pictogramm-Fechten.png 1253w\" sizes=\"auto, (max-width: 1024px) 100vw, 1024px\" \/><\/a><\/figure>\n\n\n\n<p>Peter Brem Fitness Trainer <\/p>\n\n\n\n<div class=\"wp-block-group alignfull has-global-padding is-layout-constrained wp-container-core-group-is-layout-669513ed wp-block-group-is-layout-constrained\" style=\"margin-top:0;margin-bottom:0;padding-top:var(--wp--preset--spacing--50);padding-right:var(--wp--preset--spacing--50);padding-bottom:var(--wp--preset--spacing--50);padding-left:var(--wp--preset--spacing--50)\">\n<p><\/p>\n<\/div>\n<\/div>\n","protected":false},"excerpt":{"rendered":"<p>Wir legen einen hohen Wert auf eine qualitative hochwertige Fecht-Ausbildung. So haben wir in Friedrichshafen ein kompetentes Trainer-Team.&nbsp; Unsere Trainer sind lizenziert und verf\u00fcgen \u00fcber eine hohe fechterische Expertise. Gerhard Birkenmaier (A-Trainer DOSB) Gr\u00f6\u00dfte Erfolge als Fechter: Silbermedallie Veteranen Weltmeisterschaften 2023 Daytona Beach. 3. Platz mit der Mannschaft bei den Veteranen Europameisterschaften 2024 Motto: Erfolg [&hellip;]<\/p>\n","protected":false},"author":3,"featured_media":0,"parent":0,"menu_order":0,"comment_status":"closed","ping_status":"closed","template":"","meta":{"footnotes":""},"class_list":["post-1386","page","type-page","status-publish","hentry"],"_links":{"self":[{"href":"https:\/\/www.fechten-in-friedrichshafen.de\/home\/wp-json\/wp\/v2\/pages\/1386","targetHints":{"allow":["GET"]}}],"collection":[{"href":"https:\/\/www.fechten-in-friedrichshafen.de\/home\/wp-json\/wp\/v2\/pages"}],"about":[{"href":"https:\/\/www.fechten-in-friedrichshafen.de\/home\/wp-json\/wp\/v2\/types\/page"}],"author":[{"embeddable":true,"href":"https:\/\/www.fechten-in-friedrichshafen.de\/home\/wp-json\/wp\/v2\/users\/3"}],"replies":[{"embeddable":true,"href":"https:\/\/www.fechten-in-friedrichshafen.de\/home\/wp-json\/wp\/v2\/comments?post=1386"}],"version-history":[{"count":32,"href":"https:\/\/www.fechten-in-friedrichshafen.de\/home\/wp-json\/wp\/v2\/pages\/1386\/revisions"}],"predecessor-version":[{"id":1808,"href":"https:\/\/www.fechten-in-friedrichshafen.de\/home\/wp-json\/wp\/v2\/pages\/1386\/revisions\/1808"}],"wp:attachment":[{"href":"https:\/\/www.fechten-in-friedrichshafen.de\/home\/wp-json\/wp\/v2\/media?parent=1386"}],"curies":[{"name":"wp","href":"https:\/\/api.w.org\/{rel}","templated":true}]}}