{"id":1441,"date":"2024-11-15T21:39:45","date_gmt":"2024-11-15T21:39:45","guid":{"rendered":"https:\/\/www.fechten-in-friedrichshafen.de\/home\/?page_id=1441"},"modified":"2025-07-16T18:58:19","modified_gmt":"2025-07-16T18:58:19","slug":"fechten-lernen","status":"publish","type":"page","link":"https:\/\/www.fechten-in-friedrichshafen.de\/home\/fechten-lernen\/","title":{"rendered":"Fechten lernen"},"content":{"rendered":"\n<div class=\"wp-block-group alignfull has-base-2-background-color has-background has-global-padding is-layout-constrained wp-container-core-group-is-layout-669513ed wp-block-group-is-layout-constrained\" style=\"margin-top:0;margin-bottom:0;padding-top:var(--wp--preset--spacing--50);padding-right:var(--wp--preset--spacing--50);padding-bottom:var(--wp--preset--spacing--50);padding-left:var(--wp--preset--spacing--50)\">\n<div class=\"wp-block-group is-vertical is-content-justification-center is-layout-flex wp-container-core-group-is-layout-52b864f0 wp-block-group-is-layout-flex\">\n<div style=\"height:0px\" aria-hidden=\"true\" class=\"wp-block-spacer wp-container-content-4f2ccadb\"><\/div>\n\n\n\n<p class=\"has-text-align-center\"><\/p>\n\n\n\n<p><strong>Fechten <\/strong>\u2013 mehr als nur ein Sport! Mit Entschlossenheit, Schnelligkeit, Kondition und einer ordentlichen Portion Spa\u00df \u2013 so l\u00e4sst sich die Leidenschaft f\u00fcr das Fechten am besten beschreiben. <\/p>\n\n\n\n<p>Dieses spannende Duell fordert nicht nur k\u00f6rperliche Fitness, sondern auch taktisches Geschick und Konzentration. Ein einziger Moment der Unachtsamkeit kann \u00fcber Sieg oder Niederlage entscheiden.<\/p>\n\n\n\n<p>Fechten ist eine der erfolgreichsten olympischen Disziplinen in Deutschland, mit unz\u00e4hligen Medaillen und Erfolgen auf internationaler Ebene. Egal ob im Einzel- oder Mannschaftswettbewerb, als Leistungssport oder einfach nur zur Freizeitgestaltung \u2013 Fechten bietet f\u00fcr jedes Alter und jeden Erfahrungsgrad die M\u00f6glichkeit, Spa\u00df und Erfolg zu erleben. Besuche uns und lass dich von der Faszination des Fechtens verzaubern!<\/p>\n<\/div>\n\n\n\n<hr class=\"wp-block-separator has-alpha-channel-opacity is-style-dots\"\/>\n\n\n\n<div class=\"wp-block-group is-vertical is-content-justification-center is-layout-flex wp-container-core-group-is-layout-52b864f0 wp-block-group-is-layout-flex\">\n<h2 class=\"wp-block-heading has-text-align-center is-style-default\">Vorteile des Fechtens<\/h2>\n<\/div>\n\n\n\n<div style=\"margin-top:0;margin-bottom:0;height:var(--wp--preset--spacing--40)\" aria-hidden=\"true\" class=\"wp-block-spacer\"><\/div>\n\n\n\n<div class=\"wp-block-columns alignwide is-layout-flex wp-container-core-columns-is-layout-d0bbbce0 wp-block-columns-is-layout-flex\">\n<div class=\"wp-block-column is-layout-flow wp-container-core-column-is-layout-e3d1c41b wp-block-column-is-layout-flow\">\n<h3 class=\"wp-block-heading has-text-align-left is-style-asterisk has-body-font-family has-medium-font-size\" style=\"font-style:normal;font-weight:600\">Sportliche Entwicklung<\/h3>\n\n\n\n<p class=\"has-text-align-left\">Das Fechten bietet zahlreiche Vorteile f\u00fcr die sportliche Entwicklung:<\/p>\n\n\n\n<ul class=\"wp-block-list\">\n<li> <strong>Koordination: <\/strong>Das schnelle Wechselspiel zwischen Angriff und Verteidigung f\u00f6rdert die Hand-Augen-Koordination und das Zusammenspiel der Bewegungsabl\u00e4ufe.\u2022 <\/li>\n\n\n\n<li><strong>Schnelligkeit:<\/strong> Die Sportart trainiert nicht nur die Schnelligkeit der Bewegungen, sondern auch die Reaktionsgeschwindigkeit auf die Aktionen des Gegners.<\/li>\n\n\n\n<li><strong>Ausdauer:<\/strong> Durch die intensive k\u00f6rperliche Bet\u00e4tigung wird die allgemeine Ausdauer und Fitness gesteigert, was sich auch positiv auf andere Sportarten auswirkt.\u2022 <\/li>\n\n\n\n<li><strong>Konzentration:<\/strong> Fechten erfordert eine hohe Konzentration, um die Bewegungen des Gegners vorherzusehen und schnell darauf zu reagieren.<\/li>\n<\/ul>\n<\/div>\n\n\n\n<div class=\"wp-block-column is-layout-flow wp-container-core-column-is-layout-e3d1c41b wp-block-column-is-layout-flow\">\n<h3 class=\"wp-block-heading has-text-align-left is-style-asterisk has-body-font-family has-medium-font-size\" style=\"font-style:normal;font-weight:600\">Pers\u00f6nlichkeitsentwicklung<\/h3>\n\n\n\n<p>Neben der sportlichen Weiterentwicklung f\u00f6rdert das Fechten auch die Pers\u00f6nlichkeitsentwicklung:<\/p>\n\n\n\n<ul class=\"wp-block-list\">\n<li><strong>Umgang mit Siegen und Niederlagen:<\/strong> Fechten lehrt, sowohl Siege zu feiern als auch Niederlagen als Teil des Lernprozesses zu akzeptieren. Diese Erfahrungen helfen dabei, eine gesunde Einstellung zum Wettkampf zu entwickeln.\u2022 <\/li>\n\n\n\n<li><strong>Selbsteinsch\u00e4tzung:<\/strong> Durch das Training und die Wettk\u00e4mpfe lernen die Sportler, ihre eigenen F\u00e4higkeiten realistisch einzusch\u00e4tzen und an ihren Schw\u00e4chen zu arbeiten.\u2022 <\/li>\n\n\n\n<li><strong>Wille:<\/strong> Fechten f\u00f6rdert die Willenskraft und Disziplin, da die Athleten regelm\u00e4\u00dfig trainieren m\u00fcssen, um Fortschritte zu erzielen und ihre Ziele zu erreichen.<\/li>\n\n\n\n<li><strong>Respekt f\u00fcr den Gegner:<\/strong> Fechten lehrt den Gegner sportlich zu respektieren und sich ohne \u00dcberheblichkeit mit ihm in fairem Wettkampf zu messen. Jeder kann jeden schlagen, und \u00dcberheblichkeit f\u00fchrt oft zum Scheitern.<\/li>\n<\/ul>\n<\/div>\n<\/div>\n\n\n\n<div style=\"height:var(--wp--preset--spacing--20)\" aria-hidden=\"true\" class=\"wp-block-spacer\"><\/div>\n\n\n\n<div class=\"wp-block-columns alignwide is-layout-flex wp-container-core-columns-is-layout-d0bbbce0 wp-block-columns-is-layout-flex\">\n<div class=\"wp-block-column is-layout-flow wp-container-core-column-is-layout-e3d1c41b wp-block-column-is-layout-flow\">\n<h3 class=\"wp-block-heading has-text-align-left is-style-asterisk has-body-font-family has-medium-font-size\" style=\"font-style:normal;font-weight:600\"><\/h3>\n\n\n\n<p class=\"has-text-align-left\"><\/p>\n<\/div>\n\n\n\n<div class=\"wp-block-column is-layout-flow wp-container-core-column-is-layout-e3d1c41b wp-block-column-is-layout-flow\">\n<h3 class=\"wp-block-heading has-text-align-left is-style-asterisk has-body-font-family has-medium-font-size\" style=\"border-radius:100px;font-style:normal;font-weight:600\">Jetzt Probetraining vereinbaren!<\/h3>\n\n\n\n<p class=\"has-text-align-left\">M\u00f6chtest du das Fechten ausprobieren? Kontaktiere uns, um einen Termin f\u00fcr dein pers\u00f6nliches Probetraining zu vereinbaren!<\/p>\n\n\n\n<div class=\"wp-block-buttons is-layout-flex wp-block-buttons-is-layout-flex\">\n<div class=\"wp-block-button\"><a class=\"wp-block-button__link wp-element-button\" href=\"https:\/\/www.fechten-in-friedrichshafen.de\/home\/probetraining\/\">Probetraining<\/a><\/div>\n<\/div>\n<\/div>\n\n\n\n<div class=\"wp-block-column is-layout-flow wp-container-core-column-is-layout-e3d1c41b wp-block-column-is-layout-flow\">\n<h3 class=\"wp-block-heading has-text-align-left is-style-asterisk has-body-font-family has-medium-font-size\" style=\"font-style:normal;font-weight:600\"><\/h3>\n<\/div>\n<\/div>\n<\/div>\n\n\n\n<div class=\"wp-block-group alignfull has-contrast-color has-base-2-background-color has-text-color has-background has-link-color wp-elements-ac12eb152836edbb54563401fe2c59e2 has-global-padding is-layout-constrained wp-container-core-group-is-layout-d89aad35 wp-block-group-is-layout-constrained\" style=\"margin-top:0;margin-bottom:0;padding-top:var(--wp--preset--spacing--50);padding-right:var(--wp--preset--spacing--50);padding-bottom:var(--wp--preset--spacing--50);padding-left:var(--wp--preset--spacing--50)\">\n<h3 class=\"wp-block-heading alignwide has-custom-vf-b-blau-color has-text-color has-link-color wp-elements-37428370ff05a0d8a52d65c1d549c310\" style=\"font-size:clamp(2.46rem, 2.46rem + ((1vw - 0.2rem) * 3.567), 4.6rem);letter-spacing:-0.02em\">H\u00e4ufige Fragen<\/h3>\n\n\n\n<div class=\"wp-block-group alignwide is-layout-flow wp-block-group-is-layout-flow\">\n<hr class=\"wp-block-separator has-text-color has-base-color has-alpha-channel-opacity has-base-background-color has-background is-style-wide\" style=\"margin-top:var(--wp--preset--spacing--30);margin-bottom:var(--wp--preset--spacing--30)\"\/>\n\n\n\n<h3 class=\"wp-block-heading alignwide has-custom-vf-b-blau-color has-text-color has-link-color wp-elements-ab785293d016a47f7f843f1ccba69c45\">Wer kann Fechten lernen?<\/h3>\n\n\n\n<p class=\"has-contrast-1-color has-text-color has-link-color wp-elements-517b07b3c18cd56959c99ac23566f647\">Wir empfehlen, zwischen <strong>8 und 10 Jahren<\/strong> mit dem Fechten zu beginnen. Auch Erwachsene sind herzlich willkommen! <\/p>\n\n\n\n<p class=\"has-contrast-1-color has-text-color has-link-color wp-elements-48fe5286271081251fb8c3d0d0af8a59\">Fechten ist f\u00fcr alle Altersgruppen geeignet.<\/p>\n\n\n\n<p class=\"has-contrast-1-color has-text-color has-link-color wp-elements-8a6244d0256af1d148be9c6f8727b5fe\"><\/p>\n\n\n\n<hr class=\"wp-block-separator has-text-color has-base-color has-alpha-channel-opacity has-base-background-color has-background is-style-wide\" style=\"margin-top:var(--wp--preset--spacing--30);margin-bottom:var(--wp--preset--spacing--30)\"\/>\n\n\n\n<h3 class=\"wp-block-heading alignwide has-custom-vf-b-blau-color has-text-color has-link-color wp-elements-d66f182937217decf993010447649c63\">Brauche ich sofort eine eigene Fechtausr\u00fcstung?<\/h3>\n\n\n\n<p class=\"has-contrast-1-color has-text-color has-link-color wp-elements-53cda7fd186a1431b433f22d449d0593\">F\u00fcr die ersten 10 Trainingseinheiten stellen wir eine vollst\u00e4ndige Schutzausr\u00fcstung zur Verf\u00fcgung. Danach bieten wir Mietmodelle an, damit du weiterhin mit der richtigen Ausr\u00fcstung trainieren kannst.<\/p>\n\n\n\n<hr class=\"wp-block-separator has-text-color has-base-color has-alpha-channel-opacity has-base-background-color has-background is-style-wide\" style=\"margin-top:var(--wp--preset--spacing--30);margin-bottom:var(--wp--preset--spacing--30)\"\/>\n\n\n\n<h3 class=\"wp-block-heading alignwide has-custom-vf-b-blau-color has-text-color has-link-color wp-elements-ac602f7f67dd8f0214f4ba8ecdb7320c\">Wie verl\u00e4uft eine typische Trainingseinheit?<\/h3>\n\n\n\n<p class=\"has-contrast-1-color has-text-color has-link-color wp-elements-dc83cc5b5f696fee9d9845a2c44b587c\">Eine Trainingseinheit beginnt mit einem warmen Aufw\u00e4rmen, gefolgt von spezifischen Bewegungs\u00fcbungen und intensiven Gefechten. In individuellen Trainingseinheiten werden technische Details verfeinert.<\/p>\n\n\n\n<hr class=\"wp-block-separator has-text-color has-base-color has-alpha-channel-opacity has-base-background-color has-background is-style-wide\" style=\"margin-top:var(--wp--preset--spacing--30);margin-bottom:var(--wp--preset--spacing--30)\"\/>\n\n\n\n<div style=\"margin-top:var(--wp--preset--spacing--10);margin-bottom:0;height:var(--wp--preset--spacing--10)\" aria-hidden=\"true\" class=\"wp-block-spacer\"><\/div>\n<\/div>\n<\/div>\n\n\n\n<p><\/p>\n","protected":false},"excerpt":{"rendered":"<p>Fechten \u2013 mehr als nur ein Sport! Mit Entschlossenheit, Schnelligkeit, Kondition und einer ordentlichen Portion Spa\u00df \u2013 so l\u00e4sst sich die Leidenschaft f\u00fcr das Fechten am besten beschreiben. Dieses spannende Duell fordert nicht nur k\u00f6rperliche Fitness, sondern auch taktisches Geschick und Konzentration. Ein einziger Moment der Unachtsamkeit kann \u00fcber Sieg oder Niederlage entscheiden. Fechten ist [&hellip;]<\/p>\n","protected":false},"author":3,"featured_media":0,"parent":0,"menu_order":0,"comment_status":"closed","ping_status":"closed","template":"","meta":{"footnotes":""},"class_list":["post-1441","page","type-page","status-publish","hentry"],"_links":{"self":[{"href":"https:\/\/www.fechten-in-friedrichshafen.de\/home\/wp-json\/wp\/v2\/pages\/1441","targetHints":{"allow":["GET"]}}],"collection":[{"href":"https:\/\/www.fechten-in-friedrichshafen.de\/home\/wp-json\/wp\/v2\/pages"}],"about":[{"href":"https:\/\/www.fechten-in-friedrichshafen.de\/home\/wp-json\/wp\/v2\/types\/page"}],"author":[{"embeddable":true,"href":"https:\/\/www.fechten-in-friedrichshafen.de\/home\/wp-json\/wp\/v2\/users\/3"}],"replies":[{"embeddable":true,"href":"https:\/\/www.fechten-in-friedrichshafen.de\/home\/wp-json\/wp\/v2\/comments?post=1441"}],"version-history":[{"count":5,"href":"https:\/\/www.fechten-in-friedrichshafen.de\/home\/wp-json\/wp\/v2\/pages\/1441\/revisions"}],"predecessor-version":[{"id":1677,"href":"https:\/\/www.fechten-in-friedrichshafen.de\/home\/wp-json\/wp\/v2\/pages\/1441\/revisions\/1677"}],"wp:attachment":[{"href":"https:\/\/www.fechten-in-friedrichshafen.de\/home\/wp-json\/wp\/v2\/media?parent=1441"}],"curies":[{"name":"wp","href":"https:\/\/api.w.org\/{rel}","templated":true}]}}