{"id":1443,"date":"2024-11-15T21:41:09","date_gmt":"2024-11-15T21:41:09","guid":{"rendered":"https:\/\/www.fechten-in-friedrichshafen.de\/home\/?page_id=1443"},"modified":"2024-11-19T07:29:35","modified_gmt":"2024-11-19T07:29:35","slug":"technische-reifepruefung","status":"publish","type":"page","link":"https:\/\/www.fechten-in-friedrichshafen.de\/home\/technische-reifepruefung\/","title":{"rendered":"Turnierreifepr\u00fcfung"},"content":{"rendered":"\n<div class=\"wp-block-group alignfull has-accent-background-color has-background has-global-padding is-layout-constrained wp-container-core-group-is-layout-669513ed wp-block-group-is-layout-constrained\" style=\"margin-top:0;margin-bottom:0;padding-top:var(--wp--preset--spacing--50);padding-right:var(--wp--preset--spacing--50);padding-bottom:var(--wp--preset--spacing--50);padding-left:var(--wp--preset--spacing--50)\">\n<div class=\"wp-block-columns alignwide is-layout-flex wp-container-core-columns-is-layout-1da03c2a wp-block-columns-is-layout-flex\">\n<div class=\"wp-block-column is-vertically-aligned-stretch is-layout-flow wp-block-column-is-layout-flow\" style=\"flex-basis:50%\">\n<div class=\"wp-block-group is-vertical is-content-justification-stretch is-layout-flex wp-container-core-group-is-layout-444d5ee8 wp-block-group-is-layout-flex\" style=\"min-height:100%\">\n<p class=\"has-heading-font-family has-x-large-font-size\" style=\"line-height:1.2\">Um an offiziellen Turnieren des Deutschen Fechterbundes teilnehmen zu k\u00f6nnen, ist eine bestandene Turnierreifepr\u00fcfung (TRP) erforderlich. Nach der Pr\u00fcfung erh\u00e4ltst du einen Fechtpass mit Lizenz, den du bei jedem Turnier vorlegen musst.<\/p>\n\n\n\n<div class=\"wp-block-group has-global-padding is-content-justification-left is-layout-constrained wp-container-core-group-is-layout-9fe8ed88 wp-block-group-is-layout-constrained\">\n<p class=\"wp-container-content-0733e5d0\">Hier kannst du dein Fechtwissen testen (externer Link)<\/p>\n\n\n\n<div class=\"wp-block-buttons is-layout-flex wp-block-buttons-is-layout-flex\">\n<div class=\"wp-block-button\"><a class=\"wp-block-button__link wp-element-button\" href=\"https:\/\/www.fechten-in-hessen.de\/htmldocs\/jugend\/testfragen.html\">Testfragen zur TRP<\/a><\/div>\n<\/div>\n<\/div>\n<\/div>\n<\/div>\n\n\n\n<div class=\"wp-block-column is-vertically-aligned-center is-layout-flow wp-block-column-is-layout-flow\" style=\"flex-basis:50%\">\n<figure class=\"wp-block-image size-full is-style-rounded is-style-rounded--1\"><img loading=\"lazy\" decoding=\"async\" width=\"1024\" height=\"1024\" src=\"https:\/\/www.fechten-in-friedrichshafen.de\/home\/wp-content\/uploads\/2024\/11\/1000002289.webp\" alt=\"\" class=\"wp-image-1540\" style=\"aspect-ratio:3\/4;object-fit:cover\" srcset=\"https:\/\/www.fechten-in-friedrichshafen.de\/home\/wp-content\/uploads\/2024\/11\/1000002289.webp 1024w, https:\/\/www.fechten-in-friedrichshafen.de\/home\/wp-content\/uploads\/2024\/11\/1000002289-300x300.webp 300w, https:\/\/www.fechten-in-friedrichshafen.de\/home\/wp-content\/uploads\/2024\/11\/1000002289-150x150.webp 150w, https:\/\/www.fechten-in-friedrichshafen.de\/home\/wp-content\/uploads\/2024\/11\/1000002289-768x768.webp 768w\" sizes=\"auto, (max-width: 1024px) 100vw, 1024px\" \/><\/figure>\n<\/div>\n<\/div>\n<\/div>\n\n\n\n<p>Die Turnierreifepr\u00fcfung ist der erste Schritt, um an offiziellen Fechtturnieren in Deutschland teilnehmen zu k\u00f6nnen.<\/p>\n\n\n\n<h4 class=\"wp-block-heading\">Was ist die Turnierreifepr\u00fcfung?<\/h4>\n\n\n\n<p>Die Pr\u00fcfung bescheinigt grundlegende technische und taktische F\u00e4higkeiten im Fechten sowie die Regelkenntnisse f\u00fcr den Wettkampf.<\/p>\n\n\n\n<h4 class=\"wp-block-heading\">Wer kann die Pr\u00fcfung ablegen?<\/h4>\n\n\n\n<p>Alle Fechterinnen und Fechter, die die Grundlagen des Fechtsports beherrschen, unabh\u00e4ngig vom Alter. Eine regelm\u00e4\u00dfige Teilnahme am Training ist empfehlenswert.<\/p>\n\n\n\n<h4 class=\"wp-block-heading\">Was erh\u00e4lt man nach Bestehen?<\/h4>\n\n\n\n<p>Nach erfolgreicher Pr\u00fcfung bekommst du einen Fechtpass mit Lizenz, der als Voraussetzung f\u00fcr die Teilnahme an Turnieren dient.<\/p>\n\n\n\n<blockquote class=\"wp-block-quote is-layout-flow wp-block-quote-is-layout-flow\">\n<p>Starte jetzt und werde Teil unserer Fechtgemeinschaft!<\/p>\n<\/blockquote>\n","protected":false},"excerpt":{"rendered":"<p>Um an offiziellen Turnieren des Deutschen Fechterbundes teilnehmen zu k\u00f6nnen, ist eine bestandene Turnierreifepr\u00fcfung (TRP) erforderlich. Nach der Pr\u00fcfung erh\u00e4ltst du einen Fechtpass mit Lizenz, den du bei jedem Turnier vorlegen musst. Hier kannst du dein Fechtwissen testen (externer Link) Die Turnierreifepr\u00fcfung ist der erste Schritt, um an offiziellen Fechtturnieren in Deutschland teilnehmen zu k\u00f6nnen. [&hellip;]<\/p>\n","protected":false},"author":3,"featured_media":0,"parent":0,"menu_order":0,"comment_status":"closed","ping_status":"closed","template":"","meta":{"footnotes":""},"class_list":["post-1443","page","type-page","status-publish","hentry"],"_links":{"self":[{"href":"https:\/\/www.fechten-in-friedrichshafen.de\/home\/wp-json\/wp\/v2\/pages\/1443","targetHints":{"allow":["GET"]}}],"collection":[{"href":"https:\/\/www.fechten-in-friedrichshafen.de\/home\/wp-json\/wp\/v2\/pages"}],"about":[{"href":"https:\/\/www.fechten-in-friedrichshafen.de\/home\/wp-json\/wp\/v2\/types\/page"}],"author":[{"embeddable":true,"href":"https:\/\/www.fechten-in-friedrichshafen.de\/home\/wp-json\/wp\/v2\/users\/3"}],"replies":[{"embeddable":true,"href":"https:\/\/www.fechten-in-friedrichshafen.de\/home\/wp-json\/wp\/v2\/comments?post=1443"}],"version-history":[{"count":6,"href":"https:\/\/www.fechten-in-friedrichshafen.de\/home\/wp-json\/wp\/v2\/pages\/1443\/revisions"}],"predecessor-version":[{"id":1561,"href":"https:\/\/www.fechten-in-friedrichshafen.de\/home\/wp-json\/wp\/v2\/pages\/1443\/revisions\/1561"}],"wp:attachment":[{"href":"https:\/\/www.fechten-in-friedrichshafen.de\/home\/wp-json\/wp\/v2\/media?parent=1443"}],"curies":[{"name":"wp","href":"https:\/\/api.w.org\/{rel}","templated":true}]}}