{"id":1462,"date":"2024-11-15T21:28:47","date_gmt":"2024-11-15T21:28:47","guid":{"rendered":"https:\/\/www.fechten-in-friedrichshafen.de\/home\/?page_id=1462"},"modified":"2026-02-02T21:41:24","modified_gmt":"2026-02-02T21:41:24","slug":"vorstand-2","status":"publish","type":"page","link":"https:\/\/www.fechten-in-friedrichshafen.de\/home\/vorstand-2\/","title":{"rendered":"Vorstand"},"content":{"rendered":"\n<div class=\"wp-block-group alignfull has-global-padding is-layout-constrained wp-container-core-group-is-layout-669513ed wp-block-group-is-layout-constrained\" style=\"margin-top:0;margin-bottom:0;padding-top:var(--wp--preset--spacing--50);padding-right:var(--wp--preset--spacing--50);padding-bottom:var(--wp--preset--spacing--50);padding-left:var(--wp--preset--spacing--50)\">\n<div class=\"wp-block-group is-vertical is-content-justification-center is-layout-flex wp-container-core-group-is-layout-ce155fab wp-block-group-is-layout-flex\">\n<h2 class=\"wp-block-heading has-text-align-center has-xx-large-font-size\">Unser Vorstandsteam<\/h2>\n\n\n\n<p class=\"has-text-align-center\"><\/p>\n<\/div>\n\n\n\n<div style=\"height:var(--wp--preset--spacing--30)\" aria-hidden=\"true\" class=\"wp-block-spacer\"><\/div>\n\n\n\n<div class=\"wp-block-columns alignwide is-layout-flex wp-container-core-columns-is-layout-4935966c wp-block-columns-is-layout-flex\" style=\"padding-right:0;padding-left:0\">\n<div class=\"wp-block-column is-layout-flow wp-block-column-is-layout-flow\">\n<figure class=\"wp-block-image size-full is-style-rounded is-style-rounded--1\"><img loading=\"lazy\" decoding=\"async\" width=\"1080\" height=\"1080\" src=\"https:\/\/www.fechten-in-friedrichshafen.de\/home\/wp-content\/uploads\/2024\/11\/5.png\" alt=\"\" class=\"wp-image-1456\" style=\"aspect-ratio:1;object-fit:cover\" srcset=\"https:\/\/www.fechten-in-friedrichshafen.de\/home\/wp-content\/uploads\/2024\/11\/5.png 1080w, https:\/\/www.fechten-in-friedrichshafen.de\/home\/wp-content\/uploads\/2024\/11\/5-300x300.png 300w, https:\/\/www.fechten-in-friedrichshafen.de\/home\/wp-content\/uploads\/2024\/11\/5-1024x1024.png 1024w, https:\/\/www.fechten-in-friedrichshafen.de\/home\/wp-content\/uploads\/2024\/11\/5-150x150.png 150w, https:\/\/www.fechten-in-friedrichshafen.de\/home\/wp-content\/uploads\/2024\/11\/5-768x768.png 768w\" sizes=\"auto, (max-width: 1080px) 100vw, 1080px\" \/><\/figure>\n\n\n\n<div class=\"wp-block-group is-vertical is-content-justification-center is-nowrap is-layout-flex wp-container-core-group-is-layout-21d4e958 wp-block-group-is-layout-flex\">\n<p class=\"has-text-align-center has-small-font-size\">Abteilungsleiter<\/p>\n\n\n\n<p class=\"has-text-align-center\" style=\"writing-mode:horizontal-tb\">Gerhard Birkenmaier<\/p>\n<\/div>\n<\/div>\n\n\n\n<div class=\"wp-block-column is-layout-flow wp-block-column-is-layout-flow\">\n<figure class=\"wp-block-image size-full is-style-rounded is-style-rounded--2\"><img loading=\"lazy\" decoding=\"async\" width=\"1080\" height=\"1080\" src=\"https:\/\/www.fechten-in-friedrichshafen.de\/home\/wp-content\/uploads\/2024\/11\/1.png\" alt=\"\" class=\"wp-image-1452\" style=\"aspect-ratio:1;object-fit:cover\" srcset=\"https:\/\/www.fechten-in-friedrichshafen.de\/home\/wp-content\/uploads\/2024\/11\/1.png 1080w, https:\/\/www.fechten-in-friedrichshafen.de\/home\/wp-content\/uploads\/2024\/11\/1-300x300.png 300w, https:\/\/www.fechten-in-friedrichshafen.de\/home\/wp-content\/uploads\/2024\/11\/1-1024x1024.png 1024w, https:\/\/www.fechten-in-friedrichshafen.de\/home\/wp-content\/uploads\/2024\/11\/1-150x150.png 150w, https:\/\/www.fechten-in-friedrichshafen.de\/home\/wp-content\/uploads\/2024\/11\/1-768x768.png 768w\" sizes=\"auto, (max-width: 1080px) 100vw, 1080px\" \/><\/figure>\n\n\n\n<div class=\"wp-block-group is-vertical is-content-justification-center is-nowrap is-layout-flex wp-container-core-group-is-layout-63bfd6c1 wp-block-group-is-layout-flex\">\n<p class=\"has-text-align-center has-small-font-size\">Stellv. Abteilungsleiter<\/p>\n\n\n\n<p class=\"has-text-align-center has-small-font-size has-medium-font-size\">Dr. Wolfram J\u00e4nisch<\/p>\n<\/div>\n<\/div>\n\n\n\n<div class=\"wp-block-column is-layout-flow wp-block-column-is-layout-flow\">\n<figure class=\"wp-block-image size-full is-style-rounded is-style-rounded--3\"><img loading=\"lazy\" decoding=\"async\" width=\"1024\" height=\"1024\" src=\"https:\/\/www.fechten-in-friedrichshafen.de\/home\/wp-content\/uploads\/2026\/02\/michael-burgert.1024x1024.jpg\" alt=\"\" class=\"wp-image-1769\" srcset=\"https:\/\/www.fechten-in-friedrichshafen.de\/home\/wp-content\/uploads\/2026\/02\/michael-burgert.1024x1024.jpg 1024w, https:\/\/www.fechten-in-friedrichshafen.de\/home\/wp-content\/uploads\/2026\/02\/michael-burgert.1024x1024-300x300.jpg 300w, https:\/\/www.fechten-in-friedrichshafen.de\/home\/wp-content\/uploads\/2026\/02\/michael-burgert.1024x1024-150x150.jpg 150w, https:\/\/www.fechten-in-friedrichshafen.de\/home\/wp-content\/uploads\/2026\/02\/michael-burgert.1024x1024-768x768.jpg 768w\" sizes=\"auto, (max-width: 1024px) 100vw, 1024px\" \/><\/figure>\n\n\n\n<div class=\"wp-block-group is-vertical is-content-justification-center is-nowrap is-layout-flex wp-container-core-group-is-layout-63bfd6c1 wp-block-group-is-layout-flex\">\n<p class=\"has-text-align-center has-small-font-size\">Kassier<\/p>\n\n\n\n<p class=\"has-text-align-center has-small-font-size has-medium-font-size\">Dr. Michael Burgert<\/p>\n<\/div>\n<\/div>\n\n\n\n<div class=\"wp-block-column is-layout-flow wp-block-column-is-layout-flow\">\n<figure class=\"wp-block-image size-full is-style-rounded is-style-rounded--4\"><img loading=\"lazy\" decoding=\"async\" width=\"1080\" height=\"1080\" src=\"https:\/\/www.fechten-in-friedrichshafen.de\/home\/wp-content\/uploads\/2024\/11\/4.png\" alt=\"\" class=\"wp-image-1455\" style=\"aspect-ratio:1;object-fit:cover\" srcset=\"https:\/\/www.fechten-in-friedrichshafen.de\/home\/wp-content\/uploads\/2024\/11\/4.png 1080w, https:\/\/www.fechten-in-friedrichshafen.de\/home\/wp-content\/uploads\/2024\/11\/4-300x300.png 300w, https:\/\/www.fechten-in-friedrichshafen.de\/home\/wp-content\/uploads\/2024\/11\/4-1024x1024.png 1024w, https:\/\/www.fechten-in-friedrichshafen.de\/home\/wp-content\/uploads\/2024\/11\/4-150x150.png 150w, https:\/\/www.fechten-in-friedrichshafen.de\/home\/wp-content\/uploads\/2024\/11\/4-768x768.png 768w\" sizes=\"auto, (max-width: 1080px) 100vw, 1080px\" \/><\/figure>\n\n\n\n<div class=\"wp-block-group is-vertical is-content-justification-center is-nowrap is-layout-flex wp-container-core-group-is-layout-63bfd6c1 wp-block-group-is-layout-flex\">\n<p class=\"has-text-align-center has-small-font-size\">Sportwart<\/p>\n\n\n\n<p class=\"has-text-align-center has-small-font-size has-medium-font-size\">Matthias Reinhardt<\/p>\n<\/div>\n<\/div>\n\n\n\n<div class=\"wp-block-column is-layout-flow wp-block-column-is-layout-flow\">\n<figure class=\"wp-block-image size-full is-style-rounded is-style-rounded--5\"><img loading=\"lazy\" decoding=\"async\" width=\"1080\" height=\"1080\" src=\"https:\/\/www.fechten-in-friedrichshafen.de\/home\/wp-content\/uploads\/2024\/11\/2.png\" alt=\"\" class=\"wp-image-1453\" style=\"aspect-ratio:1;object-fit:cover\" srcset=\"https:\/\/www.fechten-in-friedrichshafen.de\/home\/wp-content\/uploads\/2024\/11\/2.png 1080w, https:\/\/www.fechten-in-friedrichshafen.de\/home\/wp-content\/uploads\/2024\/11\/2-300x300.png 300w, https:\/\/www.fechten-in-friedrichshafen.de\/home\/wp-content\/uploads\/2024\/11\/2-1024x1024.png 1024w, https:\/\/www.fechten-in-friedrichshafen.de\/home\/wp-content\/uploads\/2024\/11\/2-150x150.png 150w, https:\/\/www.fechten-in-friedrichshafen.de\/home\/wp-content\/uploads\/2024\/11\/2-768x768.png 768w\" sizes=\"auto, (max-width: 1080px) 100vw, 1080px\" \/><\/figure>\n\n\n\n<div class=\"wp-block-group is-vertical is-content-justification-center is-nowrap is-layout-flex wp-container-core-group-is-layout-21d4e958 wp-block-group-is-layout-flex\">\n<p class=\"has-text-align-center has-body-font-family has-small-font-size\">Jugendwart<\/p>\n\n\n\n<p class=\"has-text-align-center has-medium-font-size\">Marco Birkenmaier<\/p>\n<\/div>\n<\/div>\n<\/div>\n<\/div>\n\n\n\n<div class=\"wp-block-group alignfull has-global-padding is-layout-constrained wp-container-core-group-is-layout-669513ed wp-block-group-is-layout-constrained\" style=\"margin-top:0;margin-bottom:0;padding-top:var(--wp--preset--spacing--50);padding-right:var(--wp--preset--spacing--50);padding-bottom:var(--wp--preset--spacing--50);padding-left:var(--wp--preset--spacing--50)\">\n<div class=\"wp-block-columns alignwide is-layout-flex wp-container-core-columns-is-layout-4935966c wp-block-columns-is-layout-flex\" style=\"padding-right:0;padding-left:0\">\n<div class=\"wp-block-column is-layout-flow wp-block-column-is-layout-flow\">\n<figure class=\"wp-block-image size-full is-style-rounded is-style-rounded--6\"><img loading=\"lazy\" decoding=\"async\" width=\"1253\" height=\"1253\" src=\"https:\/\/www.fechten-in-friedrichshafen.de\/home\/wp-content\/uploads\/2024\/03\/VfB-Pictogramm-Fechten.png\" alt=\"\" class=\"wp-image-1323\" style=\"aspect-ratio:1;object-fit:cover\" srcset=\"https:\/\/www.fechten-in-friedrichshafen.de\/home\/wp-content\/uploads\/2024\/03\/VfB-Pictogramm-Fechten.png 1253w, https:\/\/www.fechten-in-friedrichshafen.de\/home\/wp-content\/uploads\/2024\/03\/VfB-Pictogramm-Fechten-300x300.png 300w, https:\/\/www.fechten-in-friedrichshafen.de\/home\/wp-content\/uploads\/2024\/03\/VfB-Pictogramm-Fechten-1024x1024.png 1024w, https:\/\/www.fechten-in-friedrichshafen.de\/home\/wp-content\/uploads\/2024\/03\/VfB-Pictogramm-Fechten-150x150.png 150w, https:\/\/www.fechten-in-friedrichshafen.de\/home\/wp-content\/uploads\/2024\/03\/VfB-Pictogramm-Fechten-768x768.png 768w\" sizes=\"auto, (max-width: 1253px) 100vw, 1253px\" \/><\/figure>\n\n\n\n<div class=\"wp-block-group is-vertical is-content-justification-center is-nowrap is-layout-flex wp-container-core-group-is-layout-21d4e958 wp-block-group-is-layout-flex\">\n<p class=\"has-text-align-center has-small-font-size\">Beisitzerin<\/p>\n\n\n\n<p class=\"has-text-align-center\" style=\"writing-mode:horizontal-tb\">D\u00e9sir\u00e9e K\u00f6hler<\/p>\n<\/div>\n<\/div>\n\n\n\n<div class=\"wp-block-column is-layout-flow wp-block-column-is-layout-flow\">\n<figure class=\"wp-block-image size-full is-style-rounded is-style-rounded--7\"><img loading=\"lazy\" decoding=\"async\" width=\"1253\" height=\"1253\" src=\"https:\/\/www.fechten-in-friedrichshafen.de\/home\/wp-content\/uploads\/2024\/03\/VfB-Pictogramm-Fechten.png\" alt=\"\" class=\"wp-image-1323\" style=\"aspect-ratio:1;object-fit:cover\" srcset=\"https:\/\/www.fechten-in-friedrichshafen.de\/home\/wp-content\/uploads\/2024\/03\/VfB-Pictogramm-Fechten.png 1253w, https:\/\/www.fechten-in-friedrichshafen.de\/home\/wp-content\/uploads\/2024\/03\/VfB-Pictogramm-Fechten-300x300.png 300w, https:\/\/www.fechten-in-friedrichshafen.de\/home\/wp-content\/uploads\/2024\/03\/VfB-Pictogramm-Fechten-1024x1024.png 1024w, https:\/\/www.fechten-in-friedrichshafen.de\/home\/wp-content\/uploads\/2024\/03\/VfB-Pictogramm-Fechten-150x150.png 150w, https:\/\/www.fechten-in-friedrichshafen.de\/home\/wp-content\/uploads\/2024\/03\/VfB-Pictogramm-Fechten-768x768.png 768w\" sizes=\"auto, (max-width: 1253px) 100vw, 1253px\" \/><\/figure>\n\n\n\n<div class=\"wp-block-group is-vertical is-content-justification-center is-nowrap is-layout-flex wp-container-core-group-is-layout-63bfd6c1 wp-block-group-is-layout-flex\">\n<p class=\"has-text-align-center has-small-font-size\">Beisitzerin<\/p>\n\n\n\n<p class=\"has-text-align-center has-small-font-size has-medium-font-size\">Annika Frick<\/p>\n<\/div>\n<\/div>\n\n\n\n<div class=\"wp-block-column is-layout-flow wp-block-column-is-layout-flow\">\n<figure class=\"wp-block-image size-full is-style-rounded is-style-rounded--8\"><img loading=\"lazy\" decoding=\"async\" width=\"1253\" height=\"1253\" src=\"https:\/\/www.fechten-in-friedrichshafen.de\/home\/wp-content\/uploads\/2024\/03\/VfB-Pictogramm-Fechten.png\" alt=\"\" class=\"wp-image-1323\" style=\"aspect-ratio:1;object-fit:cover\" srcset=\"https:\/\/www.fechten-in-friedrichshafen.de\/home\/wp-content\/uploads\/2024\/03\/VfB-Pictogramm-Fechten.png 1253w, https:\/\/www.fechten-in-friedrichshafen.de\/home\/wp-content\/uploads\/2024\/03\/VfB-Pictogramm-Fechten-300x300.png 300w, https:\/\/www.fechten-in-friedrichshafen.de\/home\/wp-content\/uploads\/2024\/03\/VfB-Pictogramm-Fechten-1024x1024.png 1024w, https:\/\/www.fechten-in-friedrichshafen.de\/home\/wp-content\/uploads\/2024\/03\/VfB-Pictogramm-Fechten-150x150.png 150w, https:\/\/www.fechten-in-friedrichshafen.de\/home\/wp-content\/uploads\/2024\/03\/VfB-Pictogramm-Fechten-768x768.png 768w\" sizes=\"auto, (max-width: 1253px) 100vw, 1253px\" \/><\/figure>\n\n\n\n<div class=\"wp-block-group is-vertical is-content-justification-center is-nowrap is-layout-flex wp-container-core-group-is-layout-63bfd6c1 wp-block-group-is-layout-flex\">\n<p class=\"has-text-align-center has-small-font-size\">Beisitzer<\/p>\n\n\n\n<p class=\"has-text-align-center has-small-font-size has-medium-font-size\">Bernd K\u00f6hler<\/p>\n<\/div>\n<\/div>\n<\/div>\n\n\n\n<p><\/p>\n<\/div>\n\n\n\n<div class=\"wp-block-group alignfull has-global-padding is-layout-constrained wp-container-core-group-is-layout-669513ed wp-block-group-is-layout-constrained\" style=\"margin-top:0;margin-bottom:0;padding-top:var(--wp--preset--spacing--50);padding-right:var(--wp--preset--spacing--50);padding-bottom:var(--wp--preset--spacing--50);padding-left:var(--wp--preset--spacing--50)\">\n<p><\/p>\n<\/div>\n","protected":false},"excerpt":{"rendered":"<p>Unser Vorstandsteam Abteilungsleiter Gerhard Birkenmaier Stellv. Abteilungsleiter Dr. Wolfram J\u00e4nisch Kassier Dr. Michael Burgert Sportwart Matthias Reinhardt Jugendwart Marco Birkenmaier Beisitzerin D\u00e9sir\u00e9e K\u00f6hler Beisitzerin Annika Frick Beisitzer Bernd K\u00f6hler<\/p>\n","protected":false},"author":3,"featured_media":0,"parent":0,"menu_order":0,"comment_status":"closed","ping_status":"closed","template":"","meta":{"footnotes":""},"class_list":["post-1462","page","type-page","status-publish","hentry"],"_links":{"self":[{"href":"https:\/\/www.fechten-in-friedrichshafen.de\/home\/wp-json\/wp\/v2\/pages\/1462","targetHints":{"allow":["GET"]}}],"collection":[{"href":"https:\/\/www.fechten-in-friedrichshafen.de\/home\/wp-json\/wp\/v2\/pages"}],"about":[{"href":"https:\/\/www.fechten-in-friedrichshafen.de\/home\/wp-json\/wp\/v2\/types\/page"}],"author":[{"embeddable":true,"href":"https:\/\/www.fechten-in-friedrichshafen.de\/home\/wp-json\/wp\/v2\/users\/3"}],"replies":[{"embeddable":true,"href":"https:\/\/www.fechten-in-friedrichshafen.de\/home\/wp-json\/wp\/v2\/comments?post=1462"}],"version-history":[{"count":5,"href":"https:\/\/www.fechten-in-friedrichshafen.de\/home\/wp-json\/wp\/v2\/pages\/1462\/revisions"}],"predecessor-version":[{"id":1771,"href":"https:\/\/www.fechten-in-friedrichshafen.de\/home\/wp-json\/wp\/v2\/pages\/1462\/revisions\/1771"}],"wp:attachment":[{"href":"https:\/\/www.fechten-in-friedrichshafen.de\/home\/wp-json\/wp\/v2\/media?parent=1462"}],"curies":[{"name":"wp","href":"https:\/\/api.w.org\/{rel}","templated":true}]}}