{"id":1475,"date":"2024-11-15T21:42:59","date_gmt":"2024-11-15T21:42:59","guid":{"rendered":"https:\/\/www.fechten-in-friedrichshafen.de\/home\/?page_id=1475"},"modified":"2025-07-16T19:21:05","modified_gmt":"2025-07-16T19:21:05","slug":"start","status":"publish","type":"page","link":"https:\/\/www.fechten-in-friedrichshafen.de\/home\/","title":{"rendered":"Faszination Fechten"},"content":{"rendered":"\n<div style=\"height:var(--wp--preset--spacing--50)\" aria-hidden=\"true\" class=\"wp-block-spacer\"><\/div>\n\n\n\n<div class=\"wp-block-group alignwide has-global-padding is-layout-constrained wp-block-group-is-layout-constrained\">\n<h1 class=\"wp-block-heading alignwide has-text-align-center has-xx-large-font-size\" style=\"line-height:1.2\"><strong><em>Erlebe die faszinierende Sportart Fechten beim VfB Friedrichshafen<\/em><\/strong><\/h1>\n\n\n\n<div class=\"wp-block-columns is-layout-flex wp-container-core-columns-is-layout-28f84493 wp-block-columns-is-layout-flex\">\n<div class=\"wp-block-column is-layout-flow wp-block-column-is-layout-flow\" style=\"flex-basis:66.66%\"><\/div>\n<\/div>\n<\/div>\n\n\n\n<figure class=\"wp-block-gallery alignwide has-nested-images columns-default is-cropped wp-block-gallery-1 is-layout-flex wp-block-gallery-is-layout-flex\">\n<figure class=\"wp-block-image size-large\"><a href=\"https:\/\/www.fechten-in-friedrichshafen.de\/home\/wp-content\/uploads\/2024\/11\/wp-17317082024432648511260152982550.jpg\"><img loading=\"lazy\" decoding=\"async\" width=\"1024\" height=\"768\" data-id=\"1490\" src=\"https:\/\/www.fechten-in-friedrichshafen.de\/home\/wp-content\/uploads\/2024\/11\/wp-17317082024432648511260152982550-1024x768.jpg\" alt=\"\" class=\"wp-image-1490\" srcset=\"https:\/\/www.fechten-in-friedrichshafen.de\/home\/wp-content\/uploads\/2024\/11\/wp-17317082024432648511260152982550-1024x768.jpg 1024w, https:\/\/www.fechten-in-friedrichshafen.de\/home\/wp-content\/uploads\/2024\/11\/wp-17317082024432648511260152982550-300x225.jpg 300w, https:\/\/www.fechten-in-friedrichshafen.de\/home\/wp-content\/uploads\/2024\/11\/wp-17317082024432648511260152982550-768x576.jpg 768w, https:\/\/www.fechten-in-friedrichshafen.de\/home\/wp-content\/uploads\/2024\/11\/wp-17317082024432648511260152982550-1536x1152.jpg 1536w, https:\/\/www.fechten-in-friedrichshafen.de\/home\/wp-content\/uploads\/2024\/11\/wp-17317082024432648511260152982550.jpg 1600w\" sizes=\"auto, (max-width: 1024px) 100vw, 1024px\" \/><\/a><\/figure>\n\n\n\n<figure class=\"wp-block-image size-large\"><a href=\"https:\/\/www.fechten-in-friedrichshafen.de\/home\/wp-content\/uploads\/2025\/07\/25.04.27_MRP_DMFN25_DSC02066-scaled.jpg\"><img loading=\"lazy\" decoding=\"async\" width=\"1024\" height=\"683\" data-id=\"1684\" src=\"https:\/\/www.fechten-in-friedrichshafen.de\/home\/wp-content\/uploads\/2025\/07\/25.04.27_MRP_DMFN25_DSC02066-1024x683.jpg\" alt=\"\" class=\"wp-image-1684\" srcset=\"https:\/\/www.fechten-in-friedrichshafen.de\/home\/wp-content\/uploads\/2025\/07\/25.04.27_MRP_DMFN25_DSC02066-1024x683.jpg 1024w, https:\/\/www.fechten-in-friedrichshafen.de\/home\/wp-content\/uploads\/2025\/07\/25.04.27_MRP_DMFN25_DSC02066-300x200.jpg 300w, https:\/\/www.fechten-in-friedrichshafen.de\/home\/wp-content\/uploads\/2025\/07\/25.04.27_MRP_DMFN25_DSC02066-768x512.jpg 768w, https:\/\/www.fechten-in-friedrichshafen.de\/home\/wp-content\/uploads\/2025\/07\/25.04.27_MRP_DMFN25_DSC02066-1536x1024.jpg 1536w, https:\/\/www.fechten-in-friedrichshafen.de\/home\/wp-content\/uploads\/2025\/07\/25.04.27_MRP_DMFN25_DSC02066-2048x1366.jpg 2048w\" sizes=\"auto, (max-width: 1024px) 100vw, 1024px\" \/><\/a><figcaption class=\"wp-element-caption\">,\r\rGER, Fechten, Deutsche Meisterschaften Veteranen 2025, Friedrichshafen, 27.04.25\r\r\rFoto: Maximilian Rist<\/figcaption><\/figure>\n\n\n\n<figure class=\"wp-block-image size-large\"><a href=\"https:\/\/www.fechten-in-friedrichshafen.de\/home\/wp-content\/uploads\/2021\/11\/20211113_EOS-80D_-18G.jpg\"><img loading=\"lazy\" decoding=\"async\" width=\"1024\" height=\"683\" data-id=\"1284\" src=\"https:\/\/www.fechten-in-friedrichshafen.de\/home\/wp-content\/uploads\/2021\/11\/20211113_EOS-80D_-18G-1024x683.jpg\" alt=\"\" class=\"wp-image-1284\" srcset=\"https:\/\/www.fechten-in-friedrichshafen.de\/home\/wp-content\/uploads\/2021\/11\/20211113_EOS-80D_-18G-1024x683.jpg 1024w, https:\/\/www.fechten-in-friedrichshafen.de\/home\/wp-content\/uploads\/2021\/11\/20211113_EOS-80D_-18G-300x200.jpg 300w, https:\/\/www.fechten-in-friedrichshafen.de\/home\/wp-content\/uploads\/2021\/11\/20211113_EOS-80D_-18G-768x512.jpg 768w, https:\/\/www.fechten-in-friedrichshafen.de\/home\/wp-content\/uploads\/2021\/11\/20211113_EOS-80D_-18G-1536x1024.jpg 1536w, https:\/\/www.fechten-in-friedrichshafen.de\/home\/wp-content\/uploads\/2021\/11\/20211113_EOS-80D_-18G-450x300.jpg 450w, https:\/\/www.fechten-in-friedrichshafen.de\/home\/wp-content\/uploads\/2021\/11\/20211113_EOS-80D_-18G.jpg 1920w\" sizes=\"auto, (max-width: 1024px) 100vw, 1024px\" \/><\/a><\/figure>\n<\/figure>\n\n\n\n<hr class=\"wp-block-separator alignwide has-alpha-channel-opacity is-style-wide\"\/>\n\n\n\n<div class=\"wp-block-group alignfull has-global-padding is-layout-constrained wp-container-core-group-is-layout-d89aad35 wp-block-group-is-layout-constrained\" style=\"margin-top:0;margin-bottom:0;padding-top:var(--wp--preset--spacing--50);padding-right:var(--wp--preset--spacing--50);padding-bottom:var(--wp--preset--spacing--50);padding-left:var(--wp--preset--spacing--50)\">\n<div class=\"wp-block-columns alignwide are-vertically-aligned-center is-layout-flex wp-container-core-columns-is-layout-47c06fe3 wp-block-columns-is-layout-flex\">\n<div class=\"wp-block-column is-vertically-aligned-center is-layout-flow wp-block-column-is-layout-flow\" style=\"flex-basis:50%\">\n<h2 class=\"wp-block-heading\">Jetzt zum Schnuppertraining anmelden<\/h2>\n\n\n\n<ul style=\"line-height:1.75\" class=\"wp-block-list is-style-checkmark-list\">\n<li>Kostenlos &amp; unverbindlich<\/li>\n\n\n\n<li>10er Schnupperkarte m\u00f6glich<\/li>\n\n\n\n<li>ohne Verpflichtungen<\/li>\n<\/ul>\n\n\n\n<div class=\"wp-block-buttons is-layout-flex wp-block-buttons-is-layout-flex\">\n<div class=\"wp-block-button\"><a class=\"wp-block-button__link wp-element-button\" href=\"https:\/\/www.fechten-in-friedrichshafen.de\/home\/probetraining\/\">Anmeldung<\/a><\/div>\n\n\n\n<div class=\"wp-block-button is-style-outline is-style-outline--2\"><a class=\"wp-block-button__link wp-element-button\" href=\"https:\/\/www.fechten-in-friedrichshafen.de\/home\/fechten-lernen\/\">So funktioniert es<\/a><\/div>\n<\/div>\n<\/div>\n\n\n\n<div class=\"wp-block-column is-vertically-aligned-center is-layout-flow wp-block-column-is-layout-flow\" style=\"flex-basis:50%\">\n<figure class=\"wp-block-image size-full is-style-rounded is-style-rounded--3\"><img loading=\"lazy\" decoding=\"async\" width=\"437\" height=\"292\" src=\"https:\/\/www.fechten-in-friedrichshafen.de\/home\/wp-content\/uploads\/2024\/11\/Bild_BA.jpg\" alt=\"\" class=\"wp-image-1495\" style=\"aspect-ratio:4\/3;object-fit:cover\" srcset=\"https:\/\/www.fechten-in-friedrichshafen.de\/home\/wp-content\/uploads\/2024\/11\/Bild_BA.jpg 437w, https:\/\/www.fechten-in-friedrichshafen.de\/home\/wp-content\/uploads\/2024\/11\/Bild_BA-300x200.jpg 300w\" sizes=\"auto, (max-width: 437px) 100vw, 437px\" \/><\/figure>\n<\/div>\n<\/div>\n<\/div>\n\n\n\n<hr class=\"wp-block-separator alignwide has-alpha-channel-opacity\"\/>\n\n\n\n<div class=\"wp-block-group alignwide has-global-padding is-layout-constrained wp-container-core-group-is-layout-0747478d wp-block-group-is-layout-constrained\" style=\"padding-top:var(--wp--preset--spacing--50);padding-right:var(--wp--preset--spacing--50);padding-bottom:var(--wp--preset--spacing--50);padding-left:var(--wp--preset--spacing--50)\"><ul class=\"wp-block-latest-posts__list is-grid columns-3 wp-block-latest-posts\"><li><div class=\"wp-block-latest-posts__featured-image\"><img loading=\"lazy\" decoding=\"async\" width=\"150\" height=\"150\" src=\"https:\/\/www.fechten-in-friedrichshafen.de\/home\/wp-content\/uploads\/2026\/03\/68133e26-4b6b-4bb8-a520-d15c8f37dbb9-150x150.jpg\" class=\"attachment-thumbnail size-thumbnail wp-post-image\" alt=\"\" style=\"\" \/><\/div><a class=\"wp-block-latest-posts__post-title\" href=\"https:\/\/www.fechten-in-friedrichshafen.de\/home\/deutschlandpokal-aus-gegen-starke-boeblinger\/\">Deutschlandpokal: Aus gegen starke B\u00f6blinger<\/a><div class=\"wp-block-latest-posts__post-excerpt\">Die Mannschaft des VfB Friedrichshafen hatte im Pokalkampf gegen den SV B\u00f6blingen mit 28:45 das Nachsehen und scheidet aus dem Wettbewerb aus. Die Losfee meinte es zun\u00e4chst gut mit den Fechtern vom VfB als sie ihnen in der ersten Runde des Deutschlandpokals ein Freilos bescherte nach nicht antreten des Gegners Freiburg, waren die H\u00e4fler in\u2026\u00a0<a class=\"wp-block-latest-posts__read-more\" href=\"https:\/\/www.fechten-in-friedrichshafen.de\/home\/deutschlandpokal-aus-gegen-starke-boeblinger\/\" rel=\"noopener noreferrer\"><span class=\"screen-reader-text\">Deutschlandpokal: Aus gegen starke B\u00f6blinger <\/span>weiterlesen<\/a><\/div><\/li>\n<li><div class=\"wp-block-latest-posts__featured-image\"><img loading=\"lazy\" decoding=\"async\" width=\"150\" height=\"150\" src=\"https:\/\/www.fechten-in-friedrichshafen.de\/home\/wp-content\/uploads\/2026\/03\/WhatsApp-Image-2026-03-08-at-11.25.53-150x150.jpeg\" class=\"attachment-thumbnail size-thumbnail wp-post-image\" alt=\"\" style=\"\" \/><\/div><a class=\"wp-block-latest-posts__post-title\" href=\"https:\/\/www.fechten-in-friedrichshafen.de\/home\/burgert-im-finale-des-heidenheimer-mini-fecht-marathons\/\">Burgert im Finale des Heidenheimer Mini-Fecht-Marathons<\/a><div class=\"wp-block-latest-posts__post-excerpt\">Mia Burgert startete am Wochenende zum zweiten Mal in der U13 Kategorie, dem sie als j\u00fcngerer Jahrgang nun angeh\u00f6rt und erreichte dabei unter 13 Fechterinnen einen hervorragenden 2. Platz. Sverre Miller belegt in der U 11 den 23. Platz. Der Heidenheimer Mini-Fecht-Marathon ist traditionell ein gut besetztes Nachwuchsturnier. Dementsprechend waren in Mia Burgerts Klasse die\u2026\u00a0<a class=\"wp-block-latest-posts__read-more\" href=\"https:\/\/www.fechten-in-friedrichshafen.de\/home\/burgert-im-finale-des-heidenheimer-mini-fecht-marathons\/\" rel=\"noopener noreferrer\"><span class=\"screen-reader-text\">Burgert im Finale des Heidenheimer Mini-Fecht-Marathons <\/span>weiterlesen<\/a><\/div><\/li>\n<li><div class=\"wp-block-latest-posts__featured-image\"><img loading=\"lazy\" decoding=\"async\" width=\"150\" height=\"150\" src=\"https:\/\/www.fechten-in-friedrichshafen.de\/home\/wp-content\/uploads\/2026\/03\/WhatsApp-Image-2026-03-11-at-07.53.40-150x150.jpeg\" class=\"attachment-thumbnail size-thumbnail wp-post-image\" alt=\"\" style=\"\" \/><\/div><a class=\"wp-block-latest-posts__post-title\" href=\"https:\/\/www.fechten-in-friedrichshafen.de\/home\/wolfram-jaenisch-schliesst-seine-c-trainer-ausbildung-erfolgreich-ab\/\">Wolfram J\u00e4nisch schlie\u00dft seine C\u2011Trainer-Ausbildung erfolgreich ab<\/a><div class=\"wp-block-latest-posts__post-excerpt\">In der letzten Februarwoche hat Wolfram seine C\u2011Trainer-Ausbildung erfolgreich abgeschlossen. Die Ausbildung, die an der Landessportschule in Ruit sowie im Fechtzentrum Heidenheim stattfindet, umfasst drei intensive Ausbildungswochen, die blockweise durchgef\u00fchrt werden. Ende Februar stand die abschlie\u00dfende Pr\u00fcfungswoche in Ruit an. Wolfram bestand sowohl die zwei schriftlichen Pr\u00fcfungen als auch die praktische Lehrprobe souver\u00e4n und ist\u2026\u00a0<a class=\"wp-block-latest-posts__read-more\" href=\"https:\/\/www.fechten-in-friedrichshafen.de\/home\/wolfram-jaenisch-schliesst-seine-c-trainer-ausbildung-erfolgreich-ab\/\" rel=\"noopener noreferrer\"><span class=\"screen-reader-text\">Wolfram J\u00e4nisch schlie\u00dft seine C\u2011Trainer-Ausbildung erfolgreich ab <\/span>weiterlesen<\/a><\/div><\/li>\n<li><div class=\"wp-block-latest-posts__featured-image\"><img loading=\"lazy\" decoding=\"async\" width=\"150\" height=\"150\" src=\"https:\/\/www.fechten-in-friedrichshafen.de\/home\/wp-content\/uploads\/2026\/02\/Eislingen-150x150.jpg\" class=\"attachment-thumbnail size-thumbnail wp-post-image\" alt=\"\" style=\"\" \/><\/div><a class=\"wp-block-latest-posts__post-title\" href=\"https:\/\/www.fechten-in-friedrichshafen.de\/home\/vfb-musketiere-schlagen-sich-wacker\/\">VfB Musketiere schlagen sich wacker<\/a><div class=\"wp-block-latest-posts__post-excerpt\">von Dr. Wolfram J\u00e4nisch: Am vergangenen Wochenende fand ein weiteres deutsches Ranglistenturnier der Veteranen in Eislingen statt, bei dem die VfB Fechter Peter Brem mit dem 9., Wolfram J\u00e4nisch mit dem 12. und Gerhard Birkenmaier mit dem 20. Platz unter den Augen ihres Trainers Marco Birkenmaier respektable Ergebnisse einfuhren. Insgesamt waren die verschiedenen Wettbewerbe quantitativ\u2026\u00a0<a class=\"wp-block-latest-posts__read-more\" href=\"https:\/\/www.fechten-in-friedrichshafen.de\/home\/vfb-musketiere-schlagen-sich-wacker\/\" rel=\"noopener noreferrer\"><span class=\"screen-reader-text\">VfB Musketiere schlagen sich wacker <\/span>weiterlesen<\/a><\/div><\/li>\n<li><div class=\"wp-block-latest-posts__featured-image\"><img loading=\"lazy\" decoding=\"async\" width=\"150\" height=\"150\" src=\"https:\/\/www.fechten-in-friedrichshafen.de\/home\/wp-content\/uploads\/2026\/01\/85b70a8b-cbf5-40d4-8228-95ef802a0cc0-150x150.jpg\" class=\"attachment-thumbnail size-thumbnail wp-post-image\" alt=\"\" style=\"\" \/><\/div><a class=\"wp-block-latest-posts__post-title\" href=\"https:\/\/www.fechten-in-friedrichshafen.de\/home\/vfb-fechter-im-finale-des-oberschwabenpokals\/\">VfB Fechter im Finale des Oberschwabenpokals<\/a><div class=\"wp-block-latest-posts__post-excerpt\">Von Dr. Wolfram J\u00e4nisch: Die FechterInnen des VfB Friedrichshafen erreichten beim Oberschwabenpokal einen hervorragenden 2. und 5. Platz. Der Oberschwabenpokal wird allj\u00e4hrlich als 4er Mannschaftsturnier bestehend aus jeweils 2 Degen- und 2 FlorettfechterInnen ausgetragen, wobei es zu einem Gefecht f\u00fcr jedes Mannschaftsmitglied auf 5 Treffer mit der jeweiligen Waffe kommt. Dieses Jahr war Tettnang wieder\u2026\u00a0<a class=\"wp-block-latest-posts__read-more\" href=\"https:\/\/www.fechten-in-friedrichshafen.de\/home\/vfb-fechter-im-finale-des-oberschwabenpokals\/\" rel=\"noopener noreferrer\"><span class=\"screen-reader-text\">VfB Fechter im Finale des Oberschwabenpokals <\/span>weiterlesen<\/a><\/div><\/li>\n<\/ul><\/div>\n\n\n\n<p><\/p>\n","protected":false},"excerpt":{"rendered":"<p>Erlebe die faszinierende Sportart Fechten beim VfB Friedrichshafen Jetzt zum Schnuppertraining anmelden<\/p>\n","protected":false},"author":3,"featured_media":0,"parent":0,"menu_order":0,"comment_status":"closed","ping_status":"closed","template":"","meta":{"footnotes":""},"class_list":["post-1475","page","type-page","status-publish","hentry"],"_links":{"self":[{"href":"https:\/\/www.fechten-in-friedrichshafen.de\/home\/wp-json\/wp\/v2\/pages\/1475","targetHints":{"allow":["GET"]}}],"collection":[{"href":"https:\/\/www.fechten-in-friedrichshafen.de\/home\/wp-json\/wp\/v2\/pages"}],"about":[{"href":"https:\/\/www.fechten-in-friedrichshafen.de\/home\/wp-json\/wp\/v2\/types\/page"}],"author":[{"embeddable":true,"href":"https:\/\/www.fechten-in-friedrichshafen.de\/home\/wp-json\/wp\/v2\/users\/3"}],"replies":[{"embeddable":true,"href":"https:\/\/www.fechten-in-friedrichshafen.de\/home\/wp-json\/wp\/v2\/comments?post=1475"}],"version-history":[{"count":13,"href":"https:\/\/www.fechten-in-friedrichshafen.de\/home\/wp-json\/wp\/v2\/pages\/1475\/revisions"}],"predecessor-version":[{"id":1685,"href":"https:\/\/www.fechten-in-friedrichshafen.de\/home\/wp-json\/wp\/v2\/pages\/1475\/revisions\/1685"}],"wp:attachment":[{"href":"https:\/\/www.fechten-in-friedrichshafen.de\/home\/wp-json\/wp\/v2\/media?parent=1475"}],"curies":[{"name":"wp","href":"https:\/\/api.w.org\/{rel}","templated":true}]}}