{"id":1517,"date":"2024-11-16T12:36:43","date_gmt":"2024-11-16T12:36:43","guid":{"rendered":"https:\/\/www.fechten-in-friedrichshafen.de\/home\/?page_id=1517"},"modified":"2025-07-16T18:59:37","modified_gmt":"2025-07-16T18:59:37","slug":"historisches-fechten","status":"publish","type":"page","link":"https:\/\/www.fechten-in-friedrichshafen.de\/home\/historisches-fechten\/","title":{"rendered":"Historisches Fechten"},"content":{"rendered":"\n<div class=\"wp-block-group alignfull has-base-background-color has-background has-global-padding is-layout-constrained wp-container-core-group-is-layout-d89aad35 wp-block-group-is-layout-constrained\" style=\"margin-top:0;margin-bottom:0;padding-top:var(--wp--preset--spacing--50);padding-right:var(--wp--preset--spacing--50);padding-bottom:var(--wp--preset--spacing--50);padding-left:var(--wp--preset--spacing--50)\">\n<div class=\"wp-block-columns alignwide is-layout-flex wp-container-core-columns-is-layout-549b0c86 wp-block-columns-is-layout-flex\">\n<div class=\"wp-block-column is-vertically-aligned-center is-layout-flow wp-container-core-column-is-layout-119bc444 wp-block-column-is-layout-flow\" style=\"flex-basis:60%\">\n<p class=\"has-x-large-font-size\">Beim Historischen Fechten wird im Gegensatz zum Sportfechten der Fokus auf historische Fechttechniken gelegt, welche m\u00f6glichst getreu historischer Quellen praktiziert wird. Unsere Fechtabteilung hat mit <strong>Michael Pieraccini<\/strong> einen ausgewiesenen Fachmann f\u00fcr diese Fechtkunst.<br><\/p>\n\n\n\n<p class=\"has-heading-font-family has-medium-font-size\" style=\"line-height:1.2\">Wir konzentrieren uns auf den Duelldegen der sp\u00e4ten Barockzeit, den Hofdegen (engl. smallsword), nach der franz\u00f6sischen Schule des 17. und 18. Jahrhunderts. Als Quellen dienen uns die Abhandlungen u. a. von Liancour (1692), Girard (1740), Angelo (1763) und Olivier (1771)<\/p>\n\n\n\n<div class=\"wp-block-columns is-layout-flex wp-container-core-columns-is-layout-87beb0d0 wp-block-columns-is-layout-flex\">\n<div class=\"wp-block-column is-layout-flow wp-block-column-is-layout-flow\">\n<p class=\"wp-container-content-9cfa9a5a\"><\/p>\n<\/div>\n<\/div>\n<\/div>\n\n\n\n<div class=\"wp-block-column has-global-padding is-content-justification-left is-layout-constrained wp-container-core-column-is-layout-4f15e8fe wp-block-column-is-layout-constrained\" style=\"flex-basis:40%\">\n<figure class=\"wp-block-image size-large\"><a href=\"https:\/\/www.fechten-in-friedrichshafen.de\/home\/wp-content\/uploads\/2014\/10\/Zdikov_April_2010-023.jpg\"><img loading=\"lazy\" decoding=\"async\" width=\"1024\" height=\"768\" src=\"https:\/\/www.fechten-in-friedrichshafen.de\/home\/wp-content\/uploads\/2014\/10\/Zdikov_April_2010-023-1024x768.jpg\" alt=\"\" class=\"wp-image-426\" srcset=\"https:\/\/www.fechten-in-friedrichshafen.de\/home\/wp-content\/uploads\/2014\/10\/Zdikov_April_2010-023-1024x768.jpg 1024w, https:\/\/www.fechten-in-friedrichshafen.de\/home\/wp-content\/uploads\/2014\/10\/Zdikov_April_2010-023-300x225.jpg 300w, https:\/\/www.fechten-in-friedrichshafen.de\/home\/wp-content\/uploads\/2014\/10\/Zdikov_April_2010-023-400x300.jpg 400w, https:\/\/www.fechten-in-friedrichshafen.de\/home\/wp-content\/uploads\/2014\/10\/Zdikov_April_2010-023.jpg 1280w\" sizes=\"auto, (max-width: 1024px) 100vw, 1024px\" \/><\/a><figcaption class=\"wp-element-caption\">April 2010<\/figcaption><\/figure>\n\n\n\n<p class=\"has-large-font-size\">Weiter Informationen findest du <\/p>\n\n\n\n<div class=\"wp-block-buttons is-layout-flex wp-block-buttons-is-layout-flex\">\n<div class=\"wp-block-button\"><a class=\"wp-block-button__link wp-element-button\" href=\"https:\/\/hofdegen.wordpress.com\">Hier<\/a><\/div>\n<\/div>\n<\/div>\n<\/div>\n<\/div>\n","protected":false},"excerpt":{"rendered":"<p>Beim Historischen Fechten wird im Gegensatz zum Sportfechten der Fokus auf historische Fechttechniken gelegt, welche m\u00f6glichst getreu historischer Quellen praktiziert wird. Unsere Fechtabteilung hat mit Michael Pieraccini einen ausgewiesenen Fachmann f\u00fcr diese Fechtkunst. Wir konzentrieren uns auf den Duelldegen der sp\u00e4ten Barockzeit, den Hofdegen (engl. smallsword), nach der franz\u00f6sischen Schule des 17. und 18. Jahrhunderts. [&hellip;]<\/p>\n","protected":false},"author":3,"featured_media":0,"parent":0,"menu_order":0,"comment_status":"closed","ping_status":"closed","template":"","meta":{"footnotes":""},"class_list":["post-1517","page","type-page","status-publish","hentry"],"_links":{"self":[{"href":"https:\/\/www.fechten-in-friedrichshafen.de\/home\/wp-json\/wp\/v2\/pages\/1517","targetHints":{"allow":["GET"]}}],"collection":[{"href":"https:\/\/www.fechten-in-friedrichshafen.de\/home\/wp-json\/wp\/v2\/pages"}],"about":[{"href":"https:\/\/www.fechten-in-friedrichshafen.de\/home\/wp-json\/wp\/v2\/types\/page"}],"author":[{"embeddable":true,"href":"https:\/\/www.fechten-in-friedrichshafen.de\/home\/wp-json\/wp\/v2\/users\/3"}],"replies":[{"embeddable":true,"href":"https:\/\/www.fechten-in-friedrichshafen.de\/home\/wp-json\/wp\/v2\/comments?post=1517"}],"version-history":[{"count":7,"href":"https:\/\/www.fechten-in-friedrichshafen.de\/home\/wp-json\/wp\/v2\/pages\/1517\/revisions"}],"predecessor-version":[{"id":1678,"href":"https:\/\/www.fechten-in-friedrichshafen.de\/home\/wp-json\/wp\/v2\/pages\/1517\/revisions\/1678"}],"wp:attachment":[{"href":"https:\/\/www.fechten-in-friedrichshafen.de\/home\/wp-json\/wp\/v2\/media?parent=1517"}],"curies":[{"name":"wp","href":"https:\/\/api.w.org\/{rel}","templated":true}]}}