{"id":1781,"date":"2026-02-09T19:36:15","date_gmt":"2026-02-09T19:36:15","guid":{"rendered":"https:\/\/www.fechten-in-friedrichshafen.de\/home\/?page_id=1781"},"modified":"2026-02-19T17:21:22","modified_gmt":"2026-02-19T17:21:22","slug":"fechtpool","status":"publish","type":"page","link":"https:\/\/www.fechten-in-friedrichshafen.de\/home\/fechtpool\/","title":{"rendered":"Fechtpool"},"content":{"rendered":"\n<p>Immer am ersten Freitag im Monat findet bei uns in der Halle das Poolfechten statt (jeder gegen jeden auf 5 Treffer). Unser Pool ist offen, das hei\u00dft es k\u00f6nne auch gerne Fechter aus anderern Vereinen teilnehmen. Um vorherige Anmeldung wird gebeten. <br><br><strong>Hier die Termine f\u00fcr 2026:<\/strong><\/p>\n\n\n\n<ul class=\"wp-block-list\">\n<li>09.01.2026<\/li>\n\n\n\n<li>06.02.2026<\/li>\n\n\n\n<li>06.03.2026<\/li>\n\n\n\n<li>17.04.2026<\/li>\n\n\n\n<li>08.05.2026<\/li>\n\n\n\n<li>12.06.2026<\/li>\n\n\n\n<li>03.07.2026<br><br>Beginn erwachsenen-Pool (Ab U15) 19:30 Uhr. Jugend-Pool 18:00 Uhr.<\/li>\n<\/ul>\n\n\n\n<p><\/p>\n","protected":false},"excerpt":{"rendered":"<p>Immer am ersten Freitag im Monat findet bei uns in der Halle das Poolfechten statt (jeder gegen jeden auf 5 Treffer). Unser Pool ist offen, das hei\u00dft es k\u00f6nne auch gerne Fechter aus anderern Vereinen teilnehmen. Um vorherige Anmeldung wird gebeten. Hier die Termine f\u00fcr 2026:<\/p>\n","protected":false},"author":4,"featured_media":0,"parent":0,"menu_order":0,"comment_status":"closed","ping_status":"closed","template":"","meta":{"footnotes":""},"class_list":["post-1781","page","type-page","status-publish","hentry"],"_links":{"self":[{"href":"https:\/\/www.fechten-in-friedrichshafen.de\/home\/wp-json\/wp\/v2\/pages\/1781","targetHints":{"allow":["GET"]}}],"collection":[{"href":"https:\/\/www.fechten-in-friedrichshafen.de\/home\/wp-json\/wp\/v2\/pages"}],"about":[{"href":"https:\/\/www.fechten-in-friedrichshafen.de\/home\/wp-json\/wp\/v2\/types\/page"}],"author":[{"embeddable":true,"href":"https:\/\/www.fechten-in-friedrichshafen.de\/home\/wp-json\/wp\/v2\/users\/4"}],"replies":[{"embeddable":true,"href":"https:\/\/www.fechten-in-friedrichshafen.de\/home\/wp-json\/wp\/v2\/comments?post=1781"}],"version-history":[{"count":3,"href":"https:\/\/www.fechten-in-friedrichshafen.de\/home\/wp-json\/wp\/v2\/pages\/1781\/revisions"}],"predecessor-version":[{"id":1792,"href":"https:\/\/www.fechten-in-friedrichshafen.de\/home\/wp-json\/wp\/v2\/pages\/1781\/revisions\/1792"}],"wp:attachment":[{"href":"https:\/\/www.fechten-in-friedrichshafen.de\/home\/wp-json\/wp\/v2\/media?parent=1781"}],"curies":[{"name":"wp","href":"https:\/\/api.w.org\/{rel}","templated":true}]}}