{"id":547,"date":"2015-06-24T06:28:21","date_gmt":"2015-06-24T06:28:21","guid":{"rendered":"http:\/\/www.fechten-in-friedrichshafen.de\/home\/?page_id=547"},"modified":"2026-02-19T17:20:19","modified_gmt":"2026-02-19T17:20:19","slug":"trainingszeiten","status":"publish","type":"page","link":"https:\/\/www.fechten-in-friedrichshafen.de\/home\/trainingszeiten\/","title":{"rendered":"Trainingszeiten"},"content":{"rendered":"\n<p><strong>Trainingshalle<\/strong><br>\nSporthalle der Pestalozzischule, Kleine Halle<br>\nScheffelstra\u00dfe<br>\n88045 Friedrichshafen<\/p>\n\n\n\n<p><a href=\"https:\/\/www.openstreetmap.org\/search?whereami=1&amp;query=47.65682%2C9.47911#map=19\/47.65682\/9.47911\">Karte<\/a><\/p>\n\n\n\n<iframe loading=\"lazy\" width=\"425\" height=\"350\" src=\"https:\/\/www.openstreetmap.org\/export\/embed.html?bbox=9.477185904979708%2C47.655968154180265%2C9.480471611022951%2C47.65761401762306&amp;layer=mapnik\" style=\"border: 1px solid black\"><\/iframe><br\/><small><a href=\"https:\/\/www.openstreetmap.org\/#map=19\/47.65679\/9.47883\">Gr\u00f6\u00dfere Karte anzeigen<\/a><\/small>\n\n\n\n<p><strong>Dienstag &amp; Freitag: 18:00 Uhr bis 19:15 Uhr: Kinder, Jugendliche der Jahrg\u00e4nge 2013 und j\u00fcnger<\/strong><\/p>\n\n\n\n<p><strong>Dienstag &amp; Freitag: 19:30 Uhr bis 21:30 Uhr: Erwachsene, Jugendliche der Jahrg\u00e4nge 2012 und \u00e4lter<\/strong><\/p>\n\n\n\n<p><strong>Aktuell ist ein Schnuppertraining mit Terminvereinbarung m\u00f6glich!<\/strong><\/p>\n\n\n\n<p>Mal reinschnuppern? Kein Problem. Dann bitte einfach einen Termin unter<\/p>\n\n\n\n<div class=\"wp-block-buttons is-layout-flex wp-block-buttons-is-layout-flex\">\n<div class=\"wp-block-button\"><a class=\"wp-block-button__link wp-element-button\" href=\"https:\/\/www.fechten-in-friedrichshafen.de\/home\/probetraining\/\">Probetraining<\/a><\/div>\n<\/div>\n\n\n\n<p>vereinbaren. Bitte Sportsachen, Hallenschuhe und etwas zu trinken mitbringen. Den Rest gibt\u00b4s erst mal von uns gestellt.<\/p>\n","protected":false},"excerpt":{"rendered":"<p>Trainingshalle Sporthalle der Pestalozzischule, Kleine Halle Scheffelstra\u00dfe 88045 Friedrichshafen Karte Gr\u00f6\u00dfere Karte anzeigen Dienstag &amp; Freitag: 18:00 Uhr bis 19:15 Uhr: Kinder, Jugendliche der Jahrg\u00e4nge 2013 und j\u00fcnger Dienstag &amp; Freitag: 19:30 Uhr bis 21:30 Uhr: Erwachsene, Jugendliche der Jahrg\u00e4nge 2012 und \u00e4lter Aktuell ist ein Schnuppertraining mit Terminvereinbarung m\u00f6glich! Mal reinschnuppern? Kein Problem. Dann [&hellip;]<\/p>\n","protected":false},"author":1,"featured_media":0,"parent":0,"menu_order":0,"comment_status":"closed","ping_status":"open","template":"","meta":{"footnotes":""},"class_list":["post-547","page","type-page","status-publish","hentry"],"_links":{"self":[{"href":"https:\/\/www.fechten-in-friedrichshafen.de\/home\/wp-json\/wp\/v2\/pages\/547","targetHints":{"allow":["GET"]}}],"collection":[{"href":"https:\/\/www.fechten-in-friedrichshafen.de\/home\/wp-json\/wp\/v2\/pages"}],"about":[{"href":"https:\/\/www.fechten-in-friedrichshafen.de\/home\/wp-json\/wp\/v2\/types\/page"}],"author":[{"embeddable":true,"href":"https:\/\/www.fechten-in-friedrichshafen.de\/home\/wp-json\/wp\/v2\/users\/1"}],"replies":[{"embeddable":true,"href":"https:\/\/www.fechten-in-friedrichshafen.de\/home\/wp-json\/wp\/v2\/comments?post=547"}],"version-history":[{"count":13,"href":"https:\/\/www.fechten-in-friedrichshafen.de\/home\/wp-json\/wp\/v2\/pages\/547\/revisions"}],"predecessor-version":[{"id":1791,"href":"https:\/\/www.fechten-in-friedrichshafen.de\/home\/wp-json\/wp\/v2\/pages\/547\/revisions\/1791"}],"wp:attachment":[{"href":"https:\/\/www.fechten-in-friedrichshafen.de\/home\/wp-json\/wp\/v2\/media?parent=547"}],"curies":[{"name":"wp","href":"https:\/\/api.w.org\/{rel}","templated":true}]}}