{"id":61,"date":"2012-05-31T17:56:55","date_gmt":"2012-05-31T17:56:55","guid":{"rendered":"http:\/\/www.fechten-in-friedrichshafen.de\/home\/?page_id=61"},"modified":"2025-07-16T17:32:44","modified_gmt":"2025-07-16T17:32:44","slug":"ubers-fechten","status":"publish","type":"page","link":"https:\/\/www.fechten-in-friedrichshafen.de\/home\/ubers-fechten\/","title":{"rendered":"\u00dcber uns"},"content":{"rendered":"\n<p class=\"has-signika-regular-font-family\">Fechten in Friedrichshafen gibt es seit 1925.&nbsp;Die Fechtabteilung geh\u00f6rt heute zum VfB Friedrichshafen und hat ca. 65 Mitglieder.<\/p>\n\n\n\n<p class=\"has-signika-regular-font-family\">Wir sind Mitglied im Deutschen Fechterbund (DFB) und im W\u00fcrttembergischen Fechterbund (WFB). Dar\u00fcber hinaus geh\u00f6ren wir zur&nbsp;<a href=\"http:\/\/www.ibf-fechten-bodensee.org\/\" target=\"_blank\" rel=\"noopener noreferrer\">Internationalen Bodensee-Fechterschaft (IBF)<\/a>&nbsp;und pflegen Kontakte zu befreundeten Vereinen in \u00d6sterreich und der Schweiz.<\/p>\n\n\n\n<p class=\"has-signika-regular-font-family\">Wir betreiben ambitionierten Breitensport und engagieren uns insbesondere in der Nachwuchsarbeit.<\/p>\n\n\n\n<p class=\"has-signika-regular-font-family\">Das moderne Sportfechten ist eine olympische Disziplin. Gefochten wird mit den Waffen Florett, Degen und S\u00e4bel. Die Trefferanzeige erfolgt heute durch elektronische Anzeigeger\u00e4te.<\/p>\n\n\n\n<div class=\"wp-block-media-text is-stacked-on-mobile\"><figure class=\"wp-block-media-text__media\"><img loading=\"lazy\" decoding=\"async\" width=\"640\" height=\"426\" src=\"https:\/\/www.fechten-in-friedrichshafen.de\/home\/wp-content\/uploads\/2024\/03\/BS_WM07_XMP_7531.jpg\" alt=\"\" class=\"wp-image-1376 size-full\" srcset=\"https:\/\/www.fechten-in-friedrichshafen.de\/home\/wp-content\/uploads\/2024\/03\/BS_WM07_XMP_7531.jpg 640w, https:\/\/www.fechten-in-friedrichshafen.de\/home\/wp-content\/uploads\/2024\/03\/BS_WM07_XMP_7531-300x200.jpg 300w\" sizes=\"auto, (max-width: 640px) 100vw, 640px\" \/><\/figure><div class=\"wp-block-media-text__content\">\n<p><strong><em>&#8222;Fechten &#8211; die Kunst zu Treffen ohne getroffen zu werden&#8230;&#8220;<\/em><\/strong><\/p>\n<\/div><\/div>\n\n\n\n<p class=\"has-signika-regular-font-family\">Fechten ist ein Kampfsport, aber dennoch ungef\u00e4hrlich und sehr sicher, da keine Wirkungstreffer erzielt werden. Die Fechter sind durch moderne Fechtausr\u00fcstung optimal gesch\u00fctzt.<\/p>\n\n\n\n<p class=\"has-signika-regular-font-family\">Der Reiz am Fechten liegt in der direkten Auseinandersetzung mit dem Gegner. Geschicklichkeit, Reaktionsschnelligkeit, Nervenst\u00e4rke und Cleverness sind Eigenschaften, die durch das Fechten gef\u00f6rdert werden.<\/p>\n\n\n\n<p class=\"has-signika-regular-font-family\">Fechten kann man ab einem Alter von ca. 8 Jahren erlernen und ist f\u00fcr M\u00e4dchen und Jungen gleicherma\u00dfen geeignet. Auch Erwachsene k\u00f6nnen Fechten lernen und erfolgreich betreiben.<\/p>\n\n\n\n<p class=\"has-text-align-center has-x-large-font-size\">Was ist Fechten?<\/p>\n\n\n\n<p>Fragt man jemanden, was er spontan mit Fechten assoziieren w\u00fcrde, so h\u00f6rt man meistens Dinge wie Piraten, Musketiere oder Filmtitel. Sportfechten hat mit all diesem nur bedingt etwas zu tun. Zum Beispiel geht es nicht darum, mit theatralischen Gesten m\u00f6glichst oft die Klinge des Gegners zu kreuzen, sondern ihn zu treffen ohne selbst getroffen zu werden und damit einen Treffer zu setzen. Dabei ist die k\u00e4mpferische Komponente und damit sowohl die mentale als auch die physische Anforderung an den Fechter nicht zu untersch\u00e4tzen.<\/p>\n\n\n\n<p>Sportfechten kann auf eine lange Tradition zur\u00fcckblicken. Fechten geh\u00f6rt zu den \u00e4ltesten Sportarten \u00fcberhaupt. Das Fechten z\u00e4hlt es zu den olympischen Gr\u00fcndungsdisziplinen (Athen 1896) und wurde als Sportart nach Kriegsende 1948 in Deutschland von den Alliierten wieder zugelassen.<\/p>\n\n\n\n<div class=\"wp-block-cover wp-duotone-unset-1\"><img loading=\"lazy\" decoding=\"async\" width=\"974\" height=\"641\" class=\"wp-block-cover__image-background wp-image-1375\" alt=\"\" src=\"https:\/\/www.fechten-in-friedrichshafen.de\/home\/wp-content\/uploads\/2024\/03\/Mask-epee.jpg\" data-object-fit=\"cover\" srcset=\"https:\/\/www.fechten-in-friedrichshafen.de\/home\/wp-content\/uploads\/2024\/03\/Mask-epee.jpg 974w, https:\/\/www.fechten-in-friedrichshafen.de\/home\/wp-content\/uploads\/2024\/03\/Mask-epee-300x197.jpg 300w, https:\/\/www.fechten-in-friedrichshafen.de\/home\/wp-content\/uploads\/2024\/03\/Mask-epee-768x505.jpg 768w\" sizes=\"auto, (max-width: 974px) 100vw, 974px\" \/><span aria-hidden=\"true\" class=\"wp-block-cover__background has-background-dim\"><\/span><div class=\"wp-block-cover__inner-container has-global-padding is-layout-constrained wp-block-cover-is-layout-constrained\">\n<p class=\"has-text-align-center has-xx-large-font-size\">Womit wird gefochten?<\/p>\n<\/div><\/div>\n\n\n\n<p>Historisch bedingt gibt es im Fechten drei Waffengattungen: &#8211; Florett, Degen und S\u00e4bel.<br>Diese Waffen unterscheiden sich in ihrer Handhabung und der zu treffenden Fl\u00e4che.<\/p>\n\n\n\n<ul class=\"wp-block-list\">\n<li>Der Degen ist, wie das Florett, eine Stichwaffe. Er ist etwas schwerer als das Florett und besitzt einen gr\u00f6\u00dferen Handschutz, der Glocke genannt wird. Dieser wird ben\u00f6tigt, da hier der gesamte K\u00f6rper zur Trefferfl\u00e4che gerechnet wird. Daher ist das Degenfechten sehr vom Taktieren und anschlie\u00dfenden, schnellen Aktionen gepr\u00e4gt. <strong>Degen ist die Waffengattung, die in der Fechtabteilung des VfB Friedrichshafen ausgebildet wird.<\/strong>\u00a0 Hierzu stehen A-\/B und C- Trainer f\u00fcr die ambitionierte Fechtausbildung von Kindern, Jugendlichen und Erwachsenen zur Verf\u00fcgung.<\/li>\n<\/ul>\n\n\n\n<ul class=\"wp-block-list\">\n<li>Das Florett ist wie der Degen eine Stichwaffe. Die Trefferfl\u00e4che ist der Oberk\u00f6rper ohne Arme und Kopf, sprich der Rumpf. Da hier die Trefferfl\u00e4che am kleinsten ist und es sich um eine Stichwaffe handelt, kann sie durchaus als die eleganteste der drei Waffen gelten. Daher eignet sich das Florett auch hervorragend zum Einstieg f\u00fcr Anf\u00e4nger.<\/li>\n\n\n\n<li>Beim S\u00e4bel handelt es sich prim\u00e4r um eine Hiebwaffe. Er kann auch als Sto\u00dfwaffe verwendet werden (dies kommt aber eher selten vor). Die Trefferfl\u00e4che ist der gesamte Oberk\u00f6rper einschlie\u00dflich Kopf. S\u00e4belfechten besitzt von allen Waffen die h\u00f6chste Bewegungsdynamik, da oft nur Sekundenbruchteile entscheiden, welchem der beiden Fechter das Trefferrecht zuerkannt wird.<\/li>\n<\/ul>\n\n\n\n<p>Durch das Fechten werden komplexe Bewegungsabl\u00e4ufe geschult. Damit einher geht eine Verbesserung des Koordinationsgef\u00fchls, der sensomotorischen Reaktion, der Reflexe sowie der individuellen Kondition.<br>Fechten weist zudem viele \u00c4hnlichkeiten zum Schach auf. Die Handlungen, die ausgef\u00fchrt werden, begr\u00fcnden sich auf Aktion und Reaktion. Die richtige Aktion zur richtigen Zeit anwenden zu k\u00f6nnen, erfordert daher stets, dass ein k\u00fchler Kopf bewahrt und die Situation blitzschnell taktisch analysiert werden kann. All diese F\u00e4higkeiten werden mit dem fortlaufenden Training immer wieder trainiert, intensiv geschult&nbsp; und somit verfeinert.<\/p>\n\n\n\n<figure class=\"wp-block-image size-large\"><a href=\"https:\/\/www.fechten-in-friedrichshafen.de\/home\/wp-content\/uploads\/2024\/03\/VfB-Claim_einzeilig.png\"><img loading=\"lazy\" decoding=\"async\" width=\"1024\" height=\"304\" src=\"https:\/\/www.fechten-in-friedrichshafen.de\/home\/wp-content\/uploads\/2024\/03\/VfB-Claim_einzeilig-1024x304.png\" alt=\"\" class=\"wp-image-1380\" srcset=\"https:\/\/www.fechten-in-friedrichshafen.de\/home\/wp-content\/uploads\/2024\/03\/VfB-Claim_einzeilig-1024x304.png 1024w, https:\/\/www.fechten-in-friedrichshafen.de\/home\/wp-content\/uploads\/2024\/03\/VfB-Claim_einzeilig-300x89.png 300w, https:\/\/www.fechten-in-friedrichshafen.de\/home\/wp-content\/uploads\/2024\/03\/VfB-Claim_einzeilig-768x228.png 768w, https:\/\/www.fechten-in-friedrichshafen.de\/home\/wp-content\/uploads\/2024\/03\/VfB-Claim_einzeilig-1536x456.png 1536w, https:\/\/www.fechten-in-friedrichshafen.de\/home\/wp-content\/uploads\/2024\/03\/VfB-Claim_einzeilig-2048x608.png 2048w\" sizes=\"auto, (max-width: 1024px) 100vw, 1024px\" \/><\/a><\/figure>\n","protected":false},"excerpt":{"rendered":"<p>Fechten in Friedrichshafen gibt es seit 1925.&nbsp;Die Fechtabteilung geh\u00f6rt heute zum VfB Friedrichshafen und hat ca. 65 Mitglieder. Wir sind Mitglied im Deutschen Fechterbund (DFB) und im W\u00fcrttembergischen Fechterbund (WFB). Dar\u00fcber hinaus geh\u00f6ren wir zur&nbsp;Internationalen Bodensee-Fechterschaft (IBF)&nbsp;und pflegen Kontakte zu befreundeten Vereinen in \u00d6sterreich und der Schweiz. Wir betreiben ambitionierten Breitensport und engagieren uns insbesondere [&hellip;]<\/p>\n","protected":false},"author":1,"featured_media":0,"parent":0,"menu_order":0,"comment_status":"closed","ping_status":"open","template":"","meta":{"footnotes":""},"class_list":["post-61","page","type-page","status-publish","hentry"],"_links":{"self":[{"href":"https:\/\/www.fechten-in-friedrichshafen.de\/home\/wp-json\/wp\/v2\/pages\/61","targetHints":{"allow":["GET"]}}],"collection":[{"href":"https:\/\/www.fechten-in-friedrichshafen.de\/home\/wp-json\/wp\/v2\/pages"}],"about":[{"href":"https:\/\/www.fechten-in-friedrichshafen.de\/home\/wp-json\/wp\/v2\/types\/page"}],"author":[{"embeddable":true,"href":"https:\/\/www.fechten-in-friedrichshafen.de\/home\/wp-json\/wp\/v2\/users\/1"}],"replies":[{"embeddable":true,"href":"https:\/\/www.fechten-in-friedrichshafen.de\/home\/wp-json\/wp\/v2\/comments?post=61"}],"version-history":[{"count":12,"href":"https:\/\/www.fechten-in-friedrichshafen.de\/home\/wp-json\/wp\/v2\/pages\/61\/revisions"}],"predecessor-version":[{"id":1643,"href":"https:\/\/www.fechten-in-friedrichshafen.de\/home\/wp-json\/wp\/v2\/pages\/61\/revisions\/1643"}],"wp:attachment":[{"href":"https:\/\/www.fechten-in-friedrichshafen.de\/home\/wp-json\/wp\/v2\/media?parent=61"}],"curies":[{"name":"wp","href":"https:\/\/api.w.org\/{rel}","templated":true}]}}